{"id":1096,"date":"2022-02-14T16:02:30","date_gmt":"2022-02-14T14:02:30","guid":{"rendered":"https:\/\/rotaryartnouveau.ro\/?page_id=1096"},"modified":"2025-11-06T14:07:55","modified_gmt":"2025-11-06T12:07:55","slug":"statement-230","status":"publish","type":"page","link":"https:\/\/rotaryoradea.ro\/en\/declaratie-230\/","title":{"rendered":"Statement 230"},"content":{"rendered":"<p><img decoding=\"async\" src=\"\/wp-content\/uploads\/rotaru-art-nouveau-declaratie-230.jpg\" alt=\"Asocia\u021bia \u201cROTARY CLUB ORADEA ART NOUVEAU\u201d\"><\/p>\n<div>Redirec\u021bioneaz\u0103 3.5% din impozitul t\u0103u c\u0103tre<\/div>\n<h1>Asocia\u021bia \u201cROTARY CLUB ORADEA\u201d<\/h1>\n<div>\n<p>Facem apel la voi s\u0103 v\u0103 \u00eendrepta\u021bi aten\u021bia c\u0103tre <strong>Asocia\u021bia \u201cROTARY CLUB ORADEA\u201d<\/strong> prin redirec\u021bionarea a 3,5% din impozitul pe venit.<\/p>\n<\/div>\n<h1>Metode de completare a formularului 230<br \/>\n<\/h1>\n<h1>De m\u00e2n\u0103<br \/>\n<\/h1>\n<div>Printeaz\u0103 formularul \u0219i completeaz\u0103 datele tale de identificare de m\u00e2n\u0103, cu majuscule. Nu este nevoie s\u0103 specifici suma, aceasta va fi calculat\u0103 de ANAF \u0219i o va vira conform legii. Po\u021bi desc\u0103rca formularul cu datele Asocia\u021biei \u201cROTARY CLUB ORADEA\u201d precompletate. Alternariv, po\u021bi desc\u0103rca declara\u021bia 230 \u0219i completa cu datele Asocia\u021biei \u201cROTARY CLUB ORADEA\u201d.<\/div>\n<h1>Prin Spa\u021biul Privat Virtual (SPV)<\/h1>\n<div>\n<p>Autentific\u0103-te pe <a href=\"https:\/\/pfinternet.anaf.ro\/my.policy\" target=\"_blank\" rel=\"noopener\">Spa\u021biul Privat Virtual al ANAF<\/a> <br \/>Completeaz\u0103 formularul 230 cu datele tale \u0219i semneaz\u0103 cu semn\u0103tura digital\u0103 cu care te-ai \u00eenregistrat la ANAF<br \/>Completeaz\u0103 Sec\u021biunea II.2 cu detaliile Asocia\u021biei \u201cROTARY CLUB ORADEA\u201d \u00eenainte de a semna<\/p>\n<\/div>\n<h1>\u00centreb\u0103ri frecvente<\/h1>\n<ul>\n<li>\n<h3>NU CUNOSC SUMA CORESPUNZ\u0102TOARE A 3,5% DIN IMPOZIT.<\/h3>\n<div>Dac\u0103 nu cuno\u0219ti suma, las\u0103 c\u0103su\u021ba necompletat\u0103, iar aceasta va fi calculat\u0103 de c\u0103tre autorit\u0103\u021bile fiscale.\n<\/div>\n<\/li>\n<li>\n<h3>CINE POATE REDIREC\u021aIONA 3,5% DIN IMPOZITUL PE VENIT?<\/h3>\n<div>cei care \u00een 2021 au avut urm\u0103toarele tipuri de venit:<br \/>\nvenituri din salarii \u0219i asimilate salariilor;<br \/>\nvenituri din pensii;<br \/>\nvenituri din activit\u0103\u0163i independente\/ activit\u0103\u0163i agricole, impuse pe baz\u0103 de norm\u0103 de venit;<br \/>\nvenituri din activit\u0103\u0163i independente realizate \u00een baza contractelor de activitate sportiv\u0103, pentru care impozitul se re\u021bine la surs\u0103;<br \/>\nvenituri din drepturi de proprietate intelectual\u0103, altele dec\u00e2t cele pentru care venitul net se determin\u0103 \u00een sistem real;<br \/>\nvenituri din cedarea folosin\u021bei bunurilor, pentru care venitul net se determin\u0103 pe baza cotelor forfetare de cheltuieli sau pe baza normelor de venit;<\/div>\n<\/li>\n<li>\n<h3>UNDE POT DEPUNE DECLARA\u021aIA COMPLETAT\u0102?<\/h3>\n<div>\n<p><span>Declara\u021bia se depune la filiala ANAF din sectorul sau ora\u0219ul t\u0103u. G\u0103se\u0219te filiala ANAF corespunz\u0103toare\u00a0<\/span><a href=\"https:\/\/www.anaf.ro\/anaf\/internet\/ANAF\/contact\/adrese_unitati_fiscale\" target=\"_blank\" rel=\"noopener\">aici<\/a><span>.<\/span><\/p>\n<p>Dac\u0103 formularul completat \u0219i semnat \u00een original ajunge la unul din sediile noastre (depus direct la recep\u021bie sau trimis prin po\u0219t\u0103\/curierat) noi \u00eel vom depune la organul fiscal de care apar\u021bine\u021bi, p\u00e2n\u0103 la data limit\u0103. Acest lucru se face de c\u0103tre un \u00eemputernicit al Asocia\u021biei Narada care depune formularele \u00eempreun\u0103 cu un borderou.<\/p>\n<p>\u00cen acest caz trebuie s\u0103 include\u0163i si declara\u0163ia de consim\u0163\u0103m\u00e2nt completat\u0103 \u0219i semnat\u0103.<\/p>\n<p><a href=\"https:\/\/narada.ro\/wp-content\/uploads\/2022\/02\/Consimtamant-230.doc.pdf\" target=\"_blank\" rel=\"noopener\">Descarc\u0103 declara\u021bia de consim\u021b\u0103m\u00e2nt<\/a><\/p>\n<\/div>\n<\/li>\n<li>\n<h3>AM \u00ceNTREB\u0102RI LEGATE DE COMPLETAREA FORMULARULUI 230.<\/h3>\n<div>\n<div class=\"lvca-accordion lvca-style3\" data-toggle=\"false\" data-expanded=\"false\">\n<div class=\"lvca-panel lvca-active\" id=\"\">\n<div class=\"lvca-panel-content\">Instruc\u021biuni privind completarea formularului po\u021bi g\u0103si<span>\u00a0<\/span><a href=\"https:\/\/static.anaf.ro\/static\/10\/Anaf\/legislatie\/anexa_1_INST230_14022020.pdf\" target=\"_blank\" rel=\"noopener\">aici<\/a>.<\/div>\n<\/div>\n<\/div>\n<\/div>\n<\/li>\n<\/ul>\n<div>\n<div>\n<p><a class=\"uk-button uk-button-default uk-width-1-1 uk-margin-small-bottom\" href=\"https:\/\/rotaryoradea.ro\/wp-content\/uploads\/D230_14022022-precompletat-RotaryArtNouveau-01.pdf\" target=\"_blank\" rel=\"noopener\">Descarc\u0103 declara\u021bia 230 &#8211; editabil\u0103<\/a> <a class=\"uk-button uk-button-primary uk-width-1-1 uk-margin-small-bottom\" href=\"https:\/\/rotaryoradea.ro\/wp-content\/uploads\/230_OPANAF_15_2021-1.pdf\" target=\"_blank\" rel=\"noopener\">Descarc\u0103 declara\u021bia 230<\/a><\/p>\n<ul class=\"uk-list uk-text-right uk-list-divider uk-margin-medium-top\">\n<li>\n<div class=\"uk-h6 uk-float-left\"><\/div>\n<p>Asocia\u021bia \u201cROTARY CLUB ORADEA\u201d<\/li>\n<li>\n<div class=\"uk-h6 uk-float-left\">CF:<\/div>\n<p>13667554<\/li>\n<li>\n<div class=\"uk-h6 uk-float-left\">Cont<\/div>\n<p>RO05BTRLRONCRT0039086008<\/li>\n<li>\n<div class=\"uk-h6 uk-float-left\">Banca<\/div>\n<p>Banca Transilvania<\/li>\n<\/ul>\n<\/div>\n<\/div>\n<p><!--more--><br \/>\n<!-- {\"name\":\"Angel Court\",\"type\":\"layout\",\"children\":[{\"name\":\"Hero\",\"type\":\"section\",\"props\":{\"animation_delay\":false,\"header_transparent_noplaceholder\":true,\"image_position\":\"center-center\",\"overlap\":false,\"padding_remove_bottom\":false,\"padding_remove_top\":true,\"style\":\"default\",\"title_breakpoint\":\"xl\",\"title_position\":\"top-left\",\"title_rotation\":\"left\",\"vertical_align\":\"\",\"width\":\"\"},\"children\":[{\"type\":\"row\",\"props\":{\"margin_remove_bottom\":false,\"margin_remove_top\":false},\"children\":[{\"type\":\"column\",\"props\":{\"image_position\":\"center-center\",\"position_sticky_breakpoint\":\"m\",\"width_medium\":\"1-1\"},\"children\":[{\"type\":\"image\",\"props\":{\"image\":\"wp-content\\\/uploads\\\/rotaru-art-nouveau-declaratie-230.jpg\",\"image_alt\":\"Asocia\\u021bia \\u201cROTARY CLUB ORADEA ART NOUVEAU\\u201d\",\"image_svg_color\":\"emphasis\",\"margin\":\"default\"}}]}]},{\"type\":\"row\",\"props\":{\"column_gap\":\"large\",\"layout\":\"expand,large\",\"margin\":\"remove-vertical\",\"margin_remove_bottom\":false,\"margin_remove_top\":false,\"row_gap\":\"large\",\"width\":\"large\"},\"children\":[{\"type\":\"column\",\"props\":{\"image\":\"wp-content\\\/uploads\\\/Rotary-Logo_EN2RI-web-02.svg\",\"image_effect\":\"parallax\",\"image_parallax_bgy\":\"50,220\",\"image_parallax_easing\":\"1\",\"image_position\":\"top-left\",\"image_size\":\"contain\",\"media_overlay\":\"rgba(255, 255, 255, 0.91)\",\"position_sticky_breakpoint\":\"m\",\"width_large\":\"expand\"},\"children\":[{\"type\":\"headline\",\"props\":{\"content\":\"Redirec\\u021bioneaz\\u0103 3.5% din impozitul t\\u0103u c\\u0103tre\",\"margin\":\"default\",\"margin_remove_bottom\":false,\"title_color\":\"emphasis\",\"title_element\":\"div\",\"title_style\":\"h6\"}},{\"type\":\"headline\",\"props\":{\"content\":\"Asocia\\u021bia \\u201cROTARY CLUB ORADEA\\u201d\",\"margin\":\"large\",\"margin_remove_top\":true,\"title_element\":\"h1\"}},{\"type\":\"text\",\"props\":{\"column_breakpoint\":\"l\",\"column_divider\":false,\"content\":\"\n\n<p>Facem apel la voi s\\u0103 v\\u0103 \\u00eendrepta\\u021bi aten\\u021bia c\\u0103tre <strong>Asocia\\u021bia \\u201cROTARY CLUB ORADEA\\u201d<\\\/strong> prin redirec\\u021bionarea a 3,5% din impozitul pe venit.<\\\/p>\",\"margin\":\"default\",\"maxwidth\":\"2xlarge\",\"text_align_fallback\":\"left\"}},{\"type\":\"headline\",\"props\":{\"content\":\"Metode de completare a formularului 230\\n\",\"margin_remove_top\":true,\"title_decoration\":\"bullet\",\"title_element\":\"h1\",\"title_style\":\"h4\"}},{\"type\":\"headline\",\"props\":{\"content\":\"De m\\u00e2n\\u0103\\n\",\"margin_remove_bottom\":true,\"title_element\":\"h1\",\"title_style\":\"h5\"}},{\"type\":\"text\",\"props\":{\"column_breakpoint\":\"l\",\"column_divider\":false,\"content\":\"Printeaz\\u0103 formularul \\u0219i completeaz\\u0103 datele tale de identificare de m\\u00e2n\\u0103, cu majuscule. Nu este nevoie s\\u0103 specifici suma, aceasta va fi calculat\\u0103 de ANAF \\u0219i o va vira conform legii. Po\\u021bi desc\\u0103rca formularul cu datele Asocia\\u021biei \\u201cROTARY CLUB ORADEA\\u201d precompletate. Alternariv, po\\u021bi desc\\u0103rca declara\\u021bia 230 \\u0219i completa cu datele Asocia\\u021biei \\u201cROTARY CLUB ORADEA\\u201d.\",\"margin\":\"default\",\"margin_remove_top\":true,\"maxwidth\":\"2xlarge\",\"text_align_fallback\":\"left\"}},{\"type\":\"headline\",\"props\":{\"content\":\"Prin Spa\\u021biul Privat Virtual (SPV)\",\"margin_remove_bottom\":true,\"title_element\":\"h1\",\"title_style\":\"h5\"}},{\"type\":\"text\",\"props\":{\"column_breakpoint\":\"l\",\"column_divider\":false,\"content\":\"\n\n<p>Autentific\\u0103-te pe <a href=\\\"https:\\\/\\\/pfinternet.anaf.ro\\\/my.policy\\\" target=\\\"_blank\\\" rel=\\\"noopener\\\">Spa\\u021biul Privat Virtual al ANAF<\\\/a> <br \\\/>Completeaz\\u0103 formularul 230 cu datele tale \\u0219i semneaz\\u0103 cu semn\\u0103tura digital\\u0103 cu care te-ai \\u00eenregistrat la ANAF<br \\\/>Completeaz\\u0103 Sec\\u021biunea II.2 cu detaliile Asocia\\u021biei \\u201cROTARY CLUB ORADEA\\u201d \\u00eenainte de a semna<\\\/p>\",\"margin\":\"default\",\"margin_remove_top\":true,\"maxwidth\":\"2xlarge\",\"text_align_fallback\":\"left\"}},{\"type\":\"headline\",\"props\":{\"content\":\"\\u00centreb\\u0103ri frecvente\",\"title_element\":\"h1\",\"title_style\":\"h2\"}},{\"name\":\"Accordion Multiple Items Start Closed\",\"type\":\"accordion\",\"children\":[{\"type\":\"accordion_item\",\"props\":{\"content\":\"Dac\\u0103 nu cuno\\u0219ti suma, las\\u0103 c\\u0103su\\u021ba necompletat\\u0103, iar aceasta va fi calculat\\u0103 de c\\u0103tre autorit\\u0103\\u021bile fiscale.\\n\",\"title\":\"NU CUNOSC SUMA CORESPUNZ\\u0102TOARE A 3,5% DIN IMPOZIT.\"}},{\"type\":\"accordion_item\",\"props\":{\"content\":\"cei care \\u00een 2021 au avut urm\\u0103toarele tipuri de venit:<br \/>\\nvenituri din salarii \\u0219i asimilate salariilor;\\nvenituri din pensii;<br \/>\\nvenituri din activit\\u0103\\u0163i independente\\\/ activit\\u0103\\u0163i agricole, impuse pe baz\\u0103 de norm\\u0103 de venit;<br \/>\\nvenituri din activit\\u0103\\u0163i independente realizate \\u00een baza contractelor de activitate sportiv\\u0103, pentru care impozitul se re\\u021bine la surs\\u0103;<br \/>\\nvenituri din drepturi de proprietate intelectual\\u0103, altele dec\\u00e2t cele pentru care venitul net se determin\\u0103 \\u00een sistem real;<br \/>\\nvenituri din cedarea folosin\\u021bei bunurilor, pentru care venitul net se determin\\u0103 pe baza cotelor forfetare de cheltuieli sau pe baza normelor de venit;\",\"title\":\"CINE POATE REDIREC\\u021aIONA 3,5% DIN IMPOZITUL PE VENIT?\"}},{\"type\":\"accordion_item\",\"props\":{\"content\":\"\n\n<p><span>Declara\\u021bia se depune la filiala ANAF din sectorul sau ora\\u0219ul t\\u0103u. G\\u0103se\\u0219te filiala ANAF corespunz\\u0103toare\\u00a0<\\\/span><a href=\\\"https:\\\/\\\/www.anaf.ro\\\/anaf\\\/internet\\\/ANAF\\\/contact\\\/adrese_unitati_fiscale\\\" target=\\\"_blank\\\" rel=\\\"noopener\\\">aici<\\\/a><span>.<\\\/span><\\\/p>\\n\n\n<p>Dac\\u0103 formularul completat \\u0219i semnat \\u00een original ajunge la unul din sediile noastre (depus direct la recep\\u021bie sau trimis prin po\\u0219t\\u0103\\\/curierat) noi \\u00eel vom depune la organul fiscal de care apar\\u021bine\\u021bi, p\\u00e2n\\u0103 la data limit\\u0103. Acest lucru se face de c\\u0103tre un \\u00eemputernicit al Asocia\\u021biei Narada care depune formularele \\u00eempreun\\u0103 cu un borderou.<\\\/p>\\n\n\n<p>\\u00cen acest caz trebuie s\\u0103 include\\u0163i si declara\\u0163ia de consim\\u0163\\u0103m\\u00e2nt completat\\u0103 \\u0219i semnat\\u0103.<\\\/p>\\n\n\n<p><a href=\\\"https:\\\/\\\/narada.ro\\\/wp-content\\\/uploads\\\/2022\\\/02\\\/Consimtamant-230.doc.pdf\\\" target=\\\"_blank\\\" rel=\\\"noopener\\\">Descarc\\u0103 declara\\u021bia de consim\\u021b\\u0103m\\u00e2nt<\\\/a><\\\/p>\",\"title\":\"UNDE POT DEPUNE DECLARA\\u021aIA COMPLETAT\\u0102?\"}},{\"type\":\"accordion_item\",\"props\":{\"content\":\"\n\n<div class=\\\"lvca-accordion lvca-style3\\\" data-toggle=\\\"false\\\" data-expanded=\\\"false\\\">\\n\n\n<div class=\\\"lvca-panel lvca-active\\\" id=\\\"\\\">\\n\n\n<div class=\\\"lvca-panel-content\\\">Instruc\\u021biuni privind completarea formularului po\\u021bi g\\u0103si<span>\\u00a0<\\\/span><a href=\\\"https:\\\/\\\/static.anaf.ro\\\/static\\\/10\\\/Anaf\\\/legislatie\\\/anexa_1_INST230_14022020.pdf\\\" target=\\\"_blank\\\" rel=\\\"noopener\\\">aici<\\\/a>.<\\\/div>\\n<\\\/div>\\n<\\\/div>\",\"title\":\"AM \\u00ceNTREB\\u0102RI LEGATE DE COMPLETAREA FORMULARULUI 230.\"}}],\"props\":{\"collapsible\":true,\"content_column_breakpoint\":\"m\",\"image_align\":\"top\",\"image_grid_breakpoint\":\"m\",\"image_grid_width\":\"1-2\",\"image_svg_color\":\"emphasis\",\"link_style\":\"default\",\"link_text\":\"Read more\",\"show_image\":true,\"show_link\":true}}]},{\"type\":\"column\",\"props\":{\"image_position\":\"center-center\",\"position_sticky_breakpoint\":\"m\",\"preserve_color\":false,\"width_large\":\"xlarge\"},\"children\":[{\"type\":\"panel\",\"props\":{\"animation\":\"parallax\",\"attributes\":\"uk-sticky=\\\"offset: 180; bottom: !*; media: @m\\\"\",\"content\":\"\n\n<p><a class=\\\"uk-button uk-button-default uk-width-1-1 uk-margin-small-bottom\\\" href=\\\"https:\\\/\\\/rotaryoradea.ro\\\/wp-content\\\/uploads\\\/D230_14022022-precompletat-RotaryArtNouveau-01.pdf\\\" target=\\\"_blank\\\" rel=\\\"noopener\\\">Descarc\\u0103 declara\\u021bia 230 - editabil\\u0103<\\\/a> <a class=\\\"uk-button uk-button-primary uk-width-1-1 uk-margin-small-bottom\\\" href=\\\"https:\\\/\\\/rotaryoradea.ro\\\/wp-content\\\/uploads\\\/230_OPANAF_15_2021-1.pdf\\\" target=\\\"_blank\\\" rel=\\\"noopener\\\">Descarc\\u0103 declara\\u021bia 230<\\\/a><\\\/p>\\n\n\n<ul class=\\\"uk-list uk-text-right uk-list-divider uk-margin-medium-top\\\">\\n\n\n<li>\\n\n\n<div class=\\\"uk-h6 uk-float-left\\\"><\\\/div>\\nAsocia\\u021bia \\u201cROTARY CLUB ORADEA\\u201d<\\\/li>\\n\n\n<li>\\n\n\n<div class=\\\"uk-h6 uk-float-left\\\">CF:<\\\/div>\\n13667554<\\\/li>\\n\n\n<li>\\n\n\n<div class=\\\"uk-h6 uk-float-left\\\">Cont<\\\/div>\\nRO05BTRLRONCRT0039086008<\\\/li>\\n\n\n<li>\\n\n\n<div class=\\\"uk-h6 uk-float-left\\\">Banca<\\\/div>\\nBanca Transilvania<\\\/li>\\n<\\\/ul>\",\"content_column_breakpoint\":\"m\",\"css\":\".el-element { z-index: 0; }\",\"icon_width\":80,\"image_align\":\"top\",\"image_grid_breakpoint\":\"m\",\"image_grid_width\":\"1-2\",\"image_svg_color\":\"emphasis\",\"link_style\":\"default\",\"link_text\":\"Read more\",\"margin\":\"remove-vertical\",\"meta_align\":\"below-title\",\"meta_element\":\"div\",\"meta_style\":\"text-meta\",\"panel_padding\":\"large\",\"panel_style\":\"card-secondary\",\"parallax_breakpoint\":\"l\",\"parallax_easing\":\"1\",\"parallax_target\":\"!.uk-section\",\"parallax_y\":\"-80,110\",\"parallax_zindex\":false,\"title_align\":\"top\",\"title_element\":\"h3\",\"title_grid_breakpoint\":\"m\",\"title_grid_width\":\"1-2\",\"title_hover_style\":\"reset\"}}]}]}]},{\"name\":\"\\u00centreb\\u0103ri frecvente\",\"type\":\"section\",\"props\":{\"animation\":\"slide-left-medium\",\"animation_delay\":\"200\",\"image_position\":\"center-center\",\"padding\":\"large\",\"padding_remove_top\":true,\"style\":\"default\",\"title_breakpoint\":\"xl\",\"title_position\":\"top-left\",\"title_rotation\":\"left\",\"vertical_align\":\"\",\"width\":\"large\"},\"children\":[{\"type\":\"row\",\"props\":{\"margin_remove_top\":false},\"children\":[{\"type\":\"column\",\"props\":{\"image_position\":\"center-center\",\"position_sticky_breakpoint\":\"m\",\"width_medium\":\"1-1\"}}]}]}],\"version\":\"4.5.32\"} --><\/p>\n","protected":false},"excerpt":{"rendered":"<p>Redirec\u021bioneaz\u0103 3.5% din impozitul t\u0103u c\u0103tre Asocia\u021bia \u201cROTARY CLUB ORADEA\u201d Facem apel la voi s\u0103 v\u0103 \u00eendrepta\u021bi aten\u021bia c\u0103tre Asocia\u021bia \u201cROTARY CLUB ORADEA\u201d prin redirec\u021bionarea a 3,5% din impozitul pe venit. Metode de completare a formularului 230 De m\u00e2n\u0103 Printeaz\u0103 formularul \u0219i completeaz\u0103 datele tale de identificare de m\u00e2n\u0103, cu majuscule. Nu este nevoie s\u0103 [&hellip;]<\/p>\n","protected":false},"author":5,"featured_media":0,"parent":0,"menu_order":0,"comment_status":"closed","ping_status":"closed","template":"","meta":{"footnotes":""},"class_list":["post-1096","page","type-page","status-publish","hentry"],"yoast_head":"<!-- This site is optimized with the Yoast SEO plugin v27.2 - https:\/\/yoast.com\/product\/yoast-seo-wordpress\/ -->\n<title>Declara\u021bie 230 - Rotary Club Oradea<\/title>\n<meta name=\"robots\" content=\"index, follow, max-snippet:-1, max-image-preview:large, max-video-preview:-1\" \/>\n<link rel=\"canonical\" href=\"https:\/\/rotaryoradea.ro\/en\/statement-230\/\" \/>\n<meta property=\"og:locale\" content=\"en_US\" \/>\n<meta property=\"og:type\" content=\"article\" \/>\n<meta property=\"og:title\" content=\"Declara\u021bie 230 - Rotary Club Oradea\" \/>\n<meta property=\"og:description\" content=\"Redirec\u021bioneaz\u0103 3.5% din impozitul t\u0103u c\u0103tre Asocia\u021bia \u201cROTARY CLUB ORADEA\u201d Facem apel la voi s\u0103 v\u0103 \u00eendrepta\u021bi aten\u021bia c\u0103tre Asocia\u021bia \u201cROTARY CLUB ORADEA\u201d prin redirec\u021bionarea a 3,5% din impozitul pe venit. Metode de completare a formularului 230 De m\u00e2n\u0103 Printeaz\u0103 formularul \u0219i completeaz\u0103 datele tale de identificare de m\u00e2n\u0103, cu majuscule. Nu este nevoie s\u0103 [&hellip;]\" \/>\n<meta property=\"og:url\" content=\"https:\/\/rotaryoradea.ro\/en\/statement-230\/\" \/>\n<meta property=\"og:site_name\" content=\"Rotary Club Oradea\" \/>\n<meta property=\"article:modified_time\" content=\"2025-11-06T12:07:55+00:00\" \/>\n<meta name=\"twitter:card\" content=\"summary_large_image\" \/>\n<script type=\"application\/ld+json\" class=\"yoast-schema-graph\">{\"@context\":\"https:\/\/schema.org\",\"@graph\":[{\"@type\":\"WebPage\",\"@id\":\"https:\/\/rotaryoradea.ro\/declaratie-230\/\",\"url\":\"https:\/\/rotaryoradea.ro\/declaratie-230\/\",\"name\":\"Declara\u021bie 230 - Rotary Club Oradea\",\"isPartOf\":{\"@id\":\"https:\/\/rotaryoradea.ro\/#website\"},\"datePublished\":\"2022-02-14T14:02:30+00:00\",\"dateModified\":\"2025-11-06T12:07:55+00:00\",\"breadcrumb\":{\"@id\":\"https:\/\/rotaryoradea.ro\/declaratie-230\/#breadcrumb\"},\"inLanguage\":\"en-US\",\"potentialAction\":[{\"@type\":\"ReadAction\",\"target\":[\"https:\/\/rotaryoradea.ro\/declaratie-230\/\"]}]},{\"@type\":\"BreadcrumbList\",\"@id\":\"https:\/\/rotaryoradea.ro\/declaratie-230\/#breadcrumb\",\"itemListElement\":[{\"@type\":\"ListItem\",\"position\":1,\"name\":\"Home\",\"item\":\"https:\/\/rotaryoradea.ro\/\"},{\"@type\":\"ListItem\",\"position\":2,\"name\":\"Declara\u021bie 230\"}]},{\"@type\":\"WebSite\",\"@id\":\"https:\/\/rotaryoradea.ro\/#website\",\"url\":\"https:\/\/rotaryoradea.ro\/\",\"name\":\"Rotary Club Oradea\",\"description\":\"Rotary Club Oradea\",\"publisher\":{\"@id\":\"https:\/\/rotaryoradea.ro\/#organization\"},\"potentialAction\":[{\"@type\":\"SearchAction\",\"target\":{\"@type\":\"EntryPoint\",\"urlTemplate\":\"https:\/\/rotaryoradea.ro\/?s={search_term_string}\"},\"query-input\":{\"@type\":\"PropertyValueSpecification\",\"valueRequired\":true,\"valueName\":\"search_term_string\"}}],\"inLanguage\":\"en-US\"},{\"@type\":\"Organization\",\"@id\":\"https:\/\/rotaryoradea.ro\/#organization\",\"name\":\"Rotary Club Oradea Art Nouveau\",\"url\":\"https:\/\/rotaryoradea.ro\/\",\"logo\":{\"@type\":\"ImageObject\",\"inLanguage\":\"en-US\",\"@id\":\"https:\/\/rotaryoradea.ro\/#\/schema\/logo\/image\/\",\"url\":\"https:\/\/rotaryoradea.ro\/wp-content\/uploads\/roatry-art-nouveau-logo.svg\",\"contentUrl\":\"https:\/\/rotaryoradea.ro\/wp-content\/uploads\/roatry-art-nouveau-logo.svg\",\"width\":320,\"height\":122,\"caption\":\"Rotary Club Oradea Art Nouveau\"},\"image\":{\"@id\":\"https:\/\/rotaryoradea.ro\/#\/schema\/logo\/image\/\"}}]}<\/script>\n<!-- \/ Yoast SEO plugin. -->","yoast_head_json":{"title":"Declara\u021bie 230 - Rotary Club Oradea","robots":{"index":"index","follow":"follow","max-snippet":"max-snippet:-1","max-image-preview":"max-image-preview:large","max-video-preview":"max-video-preview:-1"},"canonical":"https:\/\/rotaryoradea.ro\/en\/statement-230\/","og_locale":"en_US","og_type":"article","og_title":"Declara\u021bie 230 - Rotary Club Oradea","og_description":"Redirec\u021bioneaz\u0103 3.5% din impozitul t\u0103u c\u0103tre Asocia\u021bia \u201cROTARY CLUB ORADEA\u201d Facem apel la voi s\u0103 v\u0103 \u00eendrepta\u021bi aten\u021bia c\u0103tre Asocia\u021bia \u201cROTARY CLUB ORADEA\u201d prin redirec\u021bionarea a 3,5% din impozitul pe venit. Metode de completare a formularului 230 De m\u00e2n\u0103 Printeaz\u0103 formularul \u0219i completeaz\u0103 datele tale de identificare de m\u00e2n\u0103, cu majuscule. Nu este nevoie s\u0103 [&hellip;]","og_url":"https:\/\/rotaryoradea.ro\/en\/statement-230\/","og_site_name":"Rotary Club Oradea","article_modified_time":"2025-11-06T12:07:55+00:00","twitter_card":"summary_large_image","schema":{"@context":"https:\/\/schema.org","@graph":[{"@type":"WebPage","@id":"https:\/\/rotaryoradea.ro\/declaratie-230\/","url":"https:\/\/rotaryoradea.ro\/declaratie-230\/","name":"Declara\u021bie 230 - Rotary Club Oradea","isPartOf":{"@id":"https:\/\/rotaryoradea.ro\/#website"},"datePublished":"2022-02-14T14:02:30+00:00","dateModified":"2025-11-06T12:07:55+00:00","breadcrumb":{"@id":"https:\/\/rotaryoradea.ro\/declaratie-230\/#breadcrumb"},"inLanguage":"en-US","potentialAction":[{"@type":"ReadAction","target":["https:\/\/rotaryoradea.ro\/declaratie-230\/"]}]},{"@type":"BreadcrumbList","@id":"https:\/\/rotaryoradea.ro\/declaratie-230\/#breadcrumb","itemListElement":[{"@type":"ListItem","position":1,"name":"Home","item":"https:\/\/rotaryoradea.ro\/"},{"@type":"ListItem","position":2,"name":"Declara\u021bie 230"}]},{"@type":"WebSite","@id":"https:\/\/rotaryoradea.ro\/#website","url":"https:\/\/rotaryoradea.ro\/","name":"Rotary Club Oradea","description":"Rotary Club Oradea","publisher":{"@id":"https:\/\/rotaryoradea.ro\/#organization"},"potentialAction":[{"@type":"SearchAction","target":{"@type":"EntryPoint","urlTemplate":"https:\/\/rotaryoradea.ro\/?s={search_term_string}"},"query-input":{"@type":"PropertyValueSpecification","valueRequired":true,"valueName":"search_term_string"}}],"inLanguage":"en-US"},{"@type":"Organization","@id":"https:\/\/rotaryoradea.ro\/#organization","name":"Oradea Art Nouveau Rotary Club","url":"https:\/\/rotaryoradea.ro\/","logo":{"@type":"ImageObject","inLanguage":"en-US","@id":"https:\/\/rotaryoradea.ro\/#\/schema\/logo\/image\/","url":"https:\/\/rotaryoradea.ro\/wp-content\/uploads\/roatry-art-nouveau-logo.svg","contentUrl":"https:\/\/rotaryoradea.ro\/wp-content\/uploads\/roatry-art-nouveau-logo.svg","width":320,"height":122,"caption":"Rotary Club Oradea Art Nouveau"},"image":{"@id":"https:\/\/rotaryoradea.ro\/#\/schema\/logo\/image\/"}}]}},"_links":{"self":[{"href":"https:\/\/rotaryoradea.ro\/en\/wp-json\/wp\/v2\/pages\/1096","targetHints":{"allow":["GET"]}}],"collection":[{"href":"https:\/\/rotaryoradea.ro\/en\/wp-json\/wp\/v2\/pages"}],"about":[{"href":"https:\/\/rotaryoradea.ro\/en\/wp-json\/wp\/v2\/types\/page"}],"author":[{"embeddable":true,"href":"https:\/\/rotaryoradea.ro\/en\/wp-json\/wp\/v2\/users\/5"}],"replies":[{"embeddable":true,"href":"https:\/\/rotaryoradea.ro\/en\/wp-json\/wp\/v2\/comments?post=1096"}],"version-history":[{"count":3,"href":"https:\/\/rotaryoradea.ro\/en\/wp-json\/wp\/v2\/pages\/1096\/revisions"}],"predecessor-version":[{"id":2971,"href":"https:\/\/rotaryoradea.ro\/en\/wp-json\/wp\/v2\/pages\/1096\/revisions\/2971"}],"wp:attachment":[{"href":"https:\/\/rotaryoradea.ro\/en\/wp-json\/wp\/v2\/media?parent=1096"}],"curies":[{"name":"wp","href":"https:\/\/api.w.org\/{rel}","templated":true}]}}