{"id":21,"date":"2018-05-31T12:40:14","date_gmt":"2018-05-31T10:40:14","guid":{"rendered":"http:\/\/localhost\/yootheme_pro\/2018\/Yard\/Website_WP\/index.php\/about\/"},"modified":"2025-11-06T14:36:55","modified_gmt":"2025-11-06T12:36:55","slug":"about-us","status":"publish","type":"page","link":"https:\/\/rotaryoradea.ro\/en\/despre-noi\/","title":{"rendered":"About us"},"content":{"rendered":"<div>Despre noi<\/div>\n<h1>Asocia\u021bia \u201cROTARY CLUB ORADEA\u201d<\/h1>\n<div>\n<p><em>&#8222;\u00cen anul 2000, un grup de prieteni care lucra pe vremea aceea la CFR, \u00eempreun\u0103 cu prietenii lor, s-au hot\u0103r\u00e2t s\u0103 \u00eenfiin\u0163eze CLUBUL ROTARY ORADEA. <\/em><\/p>\n<p><em>Demersul nu a fost unul u\u015for, dar prietenia care a legat \u015fi \u00eenc\u0103 leag\u0103 grupul de la \u00eenceput, a f\u0103cut ca acest demers s\u0103 fie unul deosebit de frumos \u015fi plin de satisfac\u0163ii. Indiferent de dificult\u0103\u0163ile \u00eent\u00e2mpinate, nu am \u00eencetat vreodat\u0103 s\u0103 credem \u00een lucrurile pe care doream s\u0103 le realiz\u0103m. \u015ei nu am dorit s\u0103 invent\u0103m nimic nou, ci am \u00eencercat \u015fi, cred eu, \u00een mare parte, am reu\u015fit, s\u0103 promov\u0103m valorile tradi\u0163ionale pe care acest tip de asociere le presupune, valori simple \u015fi nobile \u00een acela\u015fi timp. <\/em><\/p>\n<p><em>Pentru mine, ca pre\u015fedinte fondator, perioada de mai bine de 2 ani petrecut\u0103 la conducerea Rotary Club Oradea a \u00eensemnat una din cele mai frumoase experien\u0163e din via\u0163a mea. Mul\u0163umesc pe aceast\u0103 cale acelui grup de oameni minuna\u0163i cu care am plecat la drum, pre\u015fedin\u0163ilor care au urmat \u015fi care, \u00een mod evident, au fost mai buni dec\u00e2t mine. M-am bucurat de prietenia, stima \u015fi sus\u0163inerea na\u015filor no\u015ftri de la Rotary Club Cluj, a prietenilor de la Rotary Club Debrecen \u015fi Zal\u0103u, c\u0103rora la fel, le mul\u0163umesc! <\/em><\/p>\n<p><em>G\u00e2ndindu-m\u0103 acum la tot ce am realizat \u00eempreuna, la prietenia care ne leag\u0103 \u015fi experien\u0163a acumulat\u0103, \u00eemi vine acum \u00een minte un eveniment petrecut \u00een Fran\u0163a \u00een urm\u0103 cu ceva timp. Atunci, din cauza unei calamit\u0103\u0163i, una din celebrele mici podgorii ale Fran\u0163ei a fost distrus\u0103 complet. \u00cen mod cu totul nea\u015fteptat, evenimentul a trezit \u00een inima unui grup de parizieni un spirit de solidaritate extraordinar. Nedorind s\u0103 se piard\u0103 mica podgorie, ace\u015ftia au hot\u0103r\u00e2t s\u0103 lanseze o ac\u0163iune de sprijin a fermierilor. Ini\u0163iativa a aduna o sum\u0103 mare de bani care a permis podgoriei ca \u00een scurt timp, s\u0103 \u00eenceap\u0103 din nou produc\u0163ia. \u00cen semn de recuno\u015ftin\u0163\u0103, podgorenii au vopsit \u00een culorile inimii ghivece \u015fi tulpini de vi\u0163\u0103 de vie din cultura compromis\u0103 \u015fi cu ele au realizat o inim\u0103 imens\u0103 l\u00e2ng\u0103 Turnul Eiffel. Inima se putea vedea din v\u00e2rful Turnului Eiffel, drept simbol al generozit\u0103\u0163ii \u015fi solidarit\u0103\u0163ii pariziene. Iar l\u00e2ng\u0103 aranjament, au scris simplu: Parisul are suflet! <\/em><\/p>\n<p><em>Asemenea lor, dup\u0103 to\u0163i ace\u015fti ani petrecu\u0163i \u00eempreun\u0103, eu, cel mai vechi pre\u015fedinte, pot ast\u0103zi afirma cu certitudine: Rotary Club Oradea are suflet!\u201c<\/em><\/p>\n<p><strong>Iulian Gaga<\/strong><br \/>Primulpre\u0219edinte al Rotary Club Oradea<\/p>\n<\/div>\n<p><p>\n        <a href=\"\/index.php?page_id=572\">Vezi membrii Clubului Rotary Oradea<\/a>\n    <\/p>\n<\/p>\n<h2>Scopul \u0219i obiectul de activitate<\/h2>\n<div>\n<p>Rotary Club Oradea s-a n\u0103scut dintr-o poveste simpl\u0103, dar plin\u0103 de sens: prietenie, implicare \u0219i dorin\u021ba de a face bine. \u00cen anul 2000, \u00een gara din Oradea, c\u00e2\u021biva prieteni care lucrau la CFR, uni\u021bi de acelea\u0219i valori \u0219i idealuri, au decis s\u0103 pun\u0103 bazele unui club care s\u0103 aduc\u0103 \u00eempreun\u0103 oameni ce cred \u00een puterea solidarit\u0103\u021bii \u0219i a faptelor bune. <\/p>\n<p>De la primele \u00eent\u00e2lniri \u0219i p\u00e2n\u0103 ast\u0103zi, spiritul Rotary Oradea a r\u0103mas acela\u0219i: prietenie, respect, implicare civic\u0103 \u0219i dorin\u021ba sincer\u0103 de a l\u0103sa comunitatea un loc mai bun. Obstacolele nu au lipsit, dar tocmai ele au cimentat leg\u0103tura dintre membrii clubului \u0219i au dat sens motto-ului care ne define\u0219te: Service Above Self \u2013 A servi mai presus de sine. <\/p>\n<p><strong>Scopul nostru este<\/strong> de a promova valori umane fundamentale \u2013 prietenia, generozitatea, respectul \u0219i responsabilitatea social\u0103 \u2013 prin proiecte concrete care aduc beneficii reale comunit\u0103\u021bii din Oradea \u0219i nu numai.<\/p>\n<p><strong>Obiectivele noastre sunt:<\/strong><\/p>\n<\/div>\n<ul>\n<li>\n<div>s\u0103 sprijinim educa\u021bia \u0219i formarea tinerilor prin burse, mentorat \u0219i proiecte dedicate;<\/div>\n<\/li>\n<li>\n<div>s\u0103 contribuim la \u00eembun\u0103t\u0103\u021birea vie\u021bii celor afla\u021bi \u00een dificultate prin ac\u021biuni umanitare \u0219i sociale;<\/div>\n<\/li>\n<li>\n<div>s\u0103 protej\u0103m \u0219i s\u0103 promov\u0103m cultura local\u0103, tradi\u021biile \u0219i patrimoniul ora\u0219ului nostru;<\/div>\n<\/li>\n<li>\n<div>s\u0103 colabor\u0103m cu alte cluburi Rotary din \u021bar\u0103 \u0219i din str\u0103in\u0103tate, \u00eent\u0103rind leg\u0103turile de prietenie \u0219i solidaritate care definesc mi\u0219carea Rotary la nivel global;<\/div>\n<\/li>\n<li>\n<div>s\u0103 sus\u021binem ini\u021biative care aduc inova\u021bie, sustenabilitate \u0219i speran\u021b\u0103 \u00een comunitate.<\/div>\n<\/li>\n<\/ul>\n<ul>\n<li>\n<h3>2000<\/h3>\n<p>\u00cenfiin\u021bat<\/p>\n<\/li>\n<li>\n<h3>34<\/h3>\n<p>Membri<\/p>\n<\/li>\n<li>\n<h3>200+<\/h3>\n<p>Proiecte<\/p>\n<\/li>\n<\/ul>\n<div>\n<p>Dup\u0103 mai bine de dou\u0103 decenii de activitate, Rotary Club Oradea \u00eenseamn\u0103 o echip\u0103 de oameni diferi\u021bi, uni\u021bi de un ideal comun. Nu ne-am propus s\u0103 reinvent\u0103m lumea, ci s\u0103 o facem pu\u021bin mai bun\u0103, pas cu pas, proiect cu proiect, inim\u0103 l\u00e2ng\u0103 inim\u0103. <\/p>\n<p>A\u0219a cum un grup de parizieni a ar\u0103tat c\u0103 Parisul are suflet, putem spune ast\u0103zi, cu aceea\u0219i convingere \u0219i m\u00e2ndrie: <strong>Rotary Club Oradea are suflet.<\/strong><\/p>\n<\/div>\n<p><img decoding=\"async\" src=\"\/wp-content\/uploads\/oradea-283716676.jpg\" alt=\"\"><\/p>\n<p><!--more--><br \/>\n<!-- {\"name\":\"About\",\"type\":\"layout\",\"children\":[{\"name\":\"Hero\",\"type\":\"section\",\"props\":{\"animation\":\"slide-left-small\",\"animation_delay\":\"200\",\"image_position\":\"center-center\",\"padding\":\"none\",\"padding_remove_top\":false,\"style\":\"secondary\",\"title_breakpoint\":\"xl\",\"title_position\":\"top-left\",\"title_rotation\":\"left\",\"vertical_align\":\"\",\"width\":\"\"},\"children\":[{\"type\":\"row\",\"props\":{\"layout\":\"1-2,1-2\"},\"children\":[{\"type\":\"column\",\"props\":{\"css\":\".el-column {\\n\\tmin-height: 500px;\\n}\",\"image\":\"wp-content\\\/uploads\\\/despre-noi.jpg\",\"image_position\":\"center-center\",\"image_size\":\"cover\",\"position_sticky_breakpoint\":\"m\",\"width_medium\":\"1-2\"}},{\"type\":\"column\",\"props\":{\"image_position\":\"center-center\",\"position_sticky_breakpoint\":\"m\",\"style\":\"tile-secondary\",\"width_medium\":\"1-2\"},\"children\":[{\"type\":\"headline\",\"props\":{\"block_align\":\"center\",\"content\":\"Despre noi\",\"margin\":\"remove-vertical\",\"maxwidth\":\"xlarge\",\"maxwidth_breakpoint\":\"l\",\"title_color\":\"secondary\",\"title_element\":\"div\",\"title_style\":\"h4\"}},{\"type\":\"headline\",\"props\":{\"block_align\":\"center\",\"content\":\"Asocia\\u021bia \\u201cROTARY CLUB ORADEA\\u201d\",\"margin\":\"medium\",\"margin_remove_top\":false,\"maxwidth\":\"xlarge\",\"maxwidth_breakpoint\":\"l\",\"text_align_breakpoint\":\"m\",\"text_align_fallback\":\"center\",\"title_element\":\"h1\"}},{\"type\":\"text\",\"props\":{\"block_align\":\"center\",\"column_breakpoint\":\"xl\",\"content\":\"\n\n<p><em>\\\"\\u00cen anul 2000, un grup de prieteni care lucra pe vremea aceea la CFR, \\u00eempreun\\u0103 cu prietenii lor, s-au hot\\u0103r\\u00e2t s\\u0103 \\u00eenfiin\\u0163eze CLUBUL ROTARY ORADEA. <\\\/em><br \\\/><br \\\/><em>Demersul nu a fost unul u\\u015for, dar prietenia care a legat \\u015fi \\u00eenc\\u0103 leag\\u0103 grupul de la \\u00eenceput, a f\\u0103cut ca acest demers s\\u0103 fie unul deosebit de frumos \\u015fi plin de satisfac\\u0163ii. Indiferent de dificult\\u0103\\u0163ile \\u00eent\\u00e2mpinate, nu am \\u00eencetat vreodat\\u0103 s\\u0103 credem \\u00een lucrurile pe care doream s\\u0103 le realiz\\u0103m. \\u015ei nu am dorit s\\u0103 invent\\u0103m nimic nou, ci am \\u00eencercat \\u015fi, cred eu, \\u00een mare parte, am reu\\u015fit, s\\u0103 promov\\u0103m valorile tradi\\u0163ionale pe care acest tip de asociere le presupune, valori simple \\u015fi nobile \\u00een acela\\u015fi timp. <\\\/em><br \\\/><br \\\/><em>Pentru mine, ca pre\\u015fedinte fondator, perioada de mai bine de 2 ani petrecut\\u0103 la conducerea Rotary Club Oradea a \\u00eensemnat una din cele mai frumoase experien\\u0163e din via\\u0163a mea. Mul\\u0163umesc pe aceast\\u0103 cale acelui grup de oameni minuna\\u0163i cu care am plecat la drum, pre\\u015fedin\\u0163ilor care au urmat \\u015fi care, \\u00een mod evident, au fost mai buni dec\\u00e2t mine. M-am bucurat de prietenia, stima \\u015fi sus\\u0163inerea na\\u015filor no\\u015ftri de la Rotary Club Cluj, a prietenilor de la Rotary Club Debrecen \\u015fi Zal\\u0103u, c\\u0103rora la fel, le mul\\u0163umesc! <\\\/em><br \\\/><br \\\/><em>G\\u00e2ndindu-m\\u0103 acum la tot ce am realizat \\u00eempreuna, la prietenia care ne leag\\u0103 \\u015fi experien\\u0163a acumulat\\u0103, \\u00eemi vine acum \\u00een minte un eveniment petrecut \\u00een Fran\\u0163a \\u00een urm\\u0103 cu ceva timp. Atunci, din cauza unei calamit\\u0103\\u0163i, una din celebrele mici podgorii ale Fran\\u0163ei a fost distrus\\u0103 complet. \\u00cen mod cu totul nea\\u015fteptat, evenimentul a trezit \\u00een inima unui grup de parizieni un spirit de solidaritate extraordinar. Nedorind s\\u0103 se piard\\u0103 mica podgorie, ace\\u015ftia au hot\\u0103r\\u00e2t s\\u0103 lanseze o ac\\u0163iune de sprijin a fermierilor. Ini\\u0163iativa a aduna o sum\\u0103 mare de bani care a permis podgoriei ca \\u00een scurt timp, s\\u0103 \\u00eenceap\\u0103 din nou produc\\u0163ia. \\u00cen semn de recuno\\u015ftin\\u0163\\u0103, podgorenii au vopsit \\u00een culorile inimii ghivece \\u015fi tulpini de vi\\u0163\\u0103 de vie din cultura compromis\\u0103 \\u015fi cu ele au realizat o inim\\u0103 imens\\u0103 l\\u00e2ng\\u0103 Turnul Eiffel. Inima se putea vedea din v\\u00e2rful Turnului Eiffel, drept simbol al generozit\\u0103\\u0163ii \\u015fi solidarit\\u0103\\u0163ii pariziene. Iar l\\u00e2ng\\u0103 aranjament, au scris simplu: Parisul are suflet! <\\\/em><br \\\/><br \\\/><em>Asemenea lor, dup\\u0103 to\\u0163i ace\\u015fti ani petrecu\\u0163i \\u00eempreun\\u0103, eu, cel mai vechi pre\\u015fedinte, pot ast\\u0103zi afirma cu certitudine: Rotary Club Oradea are suflet!\\u201c<\\\/em><\\\/p>\\n\n\n<p><strong>Iulian Gaga<\\\/strong><br \\\/>Primulpre\\u0219edinte al Rotary Club Oradea<\\\/p>\",\"margin\":\"\",\"margin_remove_bottom\":true,\"margin_remove_top\":false,\"maxwidth\":\"2xlarge\",\"maxwidth_breakpoint\":\"l\",\"text_align\":\"justify\"}},{\"type\":\"button\",\"props\":{\"block_align\":\"center\",\"grid_column_gap\":\"small\",\"grid_row_gap\":\"small\",\"margin\":\"large\",\"margin_remove_bottom\":true,\"maxwidth\":\"xlarge\",\"maxwidth_breakpoint\":\"l\"},\"children\":[{\"type\":\"button_item\",\"props\":{\"button_style\":\"text\",\"content\":\"Vezi membrii Clubului Rotary Oradea\",\"dialog_layout\":\"modal\",\"dialog_offcanvas_flip\":true,\"icon_align\":\"left\",\"link\":\"index.php?page_id=572\"}}]}]}]}]},{\"name\":\"History\",\"type\":\"section\",\"props\":{\"animation\":\"slide-left-medium\",\"animation_delay\":false,\"image_position\":\"center-center\",\"padding\":\"large\",\"padding_remove_bottom\":true,\"padding_remove_top\":false,\"style\":\"default\",\"title_breakpoint\":\"xl\",\"title_position\":\"top-left\",\"title_rotation\":\"left\",\"vertical_align\":\"\",\"width\":\"xlarge\"},\"children\":[{\"type\":\"row\",\"props\":{\"column_gap\":\"large\",\"divider\":false,\"layout\":\"2-3,1-3\",\"margin\":\"large\",\"margin_remove_bottom\":false,\"row_gap\":\"large\"},\"children\":[{\"type\":\"column\",\"props\":{\"image_position\":\"center-center\",\"position_sticky_breakpoint\":\"m\",\"width_medium\":\"2-3\"},\"children\":[{\"type\":\"headline\",\"props\":{\"content\":\"Scopul \\u0219i obiectul de activitate\",\"margin\":\"large\",\"margin_remove_top\":true,\"maxwidth\":\"xlarge\",\"text_align_breakpoint\":\"m\",\"text_align_fallback\":\"center\",\"title_element\":\"h2\",\"title_style\":\"h1\"}},{\"type\":\"text\",\"props\":{\"column_breakpoint\":\"m\",\"content\":\"\n\n<p>Rotary Club Oradea s-a n\\u0103scut dintr-o poveste simpl\\u0103, dar plin\\u0103 de sens: prietenie, implicare \\u0219i dorin\\u021ba de a face bine. \\u00cen anul 2000, \\u00een gara din Oradea, c\\u00e2\\u021biva prieteni care lucrau la CFR, uni\\u021bi de acelea\\u0219i valori \\u0219i idealuri, au decis s\\u0103 pun\\u0103 bazele unui club care s\\u0103 aduc\\u0103 \\u00eempreun\\u0103 oameni ce cred \\u00een puterea solidarit\\u0103\\u021bii \\u0219i a faptelor bune. <br \\\/><br \\\/>De la primele \\u00eent\\u00e2lniri \\u0219i p\\u00e2n\\u0103 ast\\u0103zi, spiritul Rotary Oradea a r\\u0103mas acela\\u0219i: prietenie, respect, implicare civic\\u0103 \\u0219i dorin\\u021ba sincer\\u0103 de a l\\u0103sa comunitatea un loc mai bun. Obstacolele nu au lipsit, dar tocmai ele au cimentat leg\\u0103tura dintre membrii clubului \\u0219i au dat sens motto-ului care ne define\\u0219te: Service Above Self \\u2013 A servi mai presus de sine. <br \\\/><br \\\/><strong>Scopul nostru este<\\\/strong> de a promova valori umane fundamentale \\u2013 prietenia, generozitatea, respectul \\u0219i responsabilitatea social\\u0103 \\u2013 prin proiecte concrete care aduc beneficii reale comunit\\u0103\\u021bii din Oradea \\u0219i nu numai.<\\\/p>\\n\n\n<p><strong>Obiectivele noastre sunt:<\\\/strong><\\\/p>\",\"margin\":\"default\"}},{\"type\":\"list\",\"props\":{\"column_breakpoint\":\"m\",\"icon\":\"check\",\"image_align\":\"left\",\"image_svg_color\":\"emphasis\",\"image_vertical_align\":true,\"list_element\":\"ul\",\"list_horizontal_separator\":\", \",\"list_type\":\"vertical\",\"show_image\":true,\"show_link\":true},\"children\":[{\"type\":\"list_item\",\"props\":{\"content\":\"s\\u0103 sprijinim educa\\u021bia \\u0219i formarea tinerilor prin burse, mentorat \\u0219i proiecte dedicate;\"}},{\"type\":\"list_item\",\"props\":{\"content\":\"s\\u0103 contribuim la \\u00eembun\\u0103t\\u0103\\u021birea vie\\u021bii celor afla\\u021bi \\u00een dificultate prin ac\\u021biuni umanitare \\u0219i sociale;\"}},{\"type\":\"list_item\",\"props\":{\"content\":\"s\\u0103 protej\\u0103m \\u0219i s\\u0103 promov\\u0103m cultura local\\u0103, tradi\\u021biile \\u0219i patrimoniul ora\\u0219ului nostru;\"}},{\"type\":\"list_item\",\"props\":{\"content\":\"s\\u0103 colabor\\u0103m cu alte cluburi Rotary din \\u021bar\\u0103 \\u0219i din str\\u0103in\\u0103tate, \\u00eent\\u0103rind leg\\u0103turile de prietenie \\u0219i solidaritate care definesc mi\\u0219carea Rotary la nivel global;\"}},{\"type\":\"list_item\",\"props\":{\"content\":\"s\\u0103 sus\\u021binem ini\\u021biative care aduc inova\\u021bie, sustenabilitate \\u0219i speran\\u021b\\u0103 \\u00een comunitate.\"}}]},{\"type\":\"grid\",\"props\":{\"content_column_breakpoint\":\"m\",\"filter_align\":\"left\",\"filter_all\":true,\"filter_grid_breakpoint\":\"m\",\"filter_grid_width\":\"auto\",\"filter_position\":\"top\",\"filter_style\":\"tab\",\"grid_default\":\"3\",\"grid_medium\":\"3\",\"icon_width\":80,\"image_align\":\"top\",\"image_grid_breakpoint\":\"m\",\"image_grid_width\":\"1-2\",\"image_svg_color\":\"emphasis\",\"item_animation\":true,\"lightbox_bg_close\":true,\"link_style\":\"default\",\"link_text\":\"Read more\",\"margin\":\"large\",\"meta_align\":\"below-title\",\"meta_color\":\"muted\",\"meta_element\":\"div\",\"meta_margin\":\"remove\",\"meta_style\":\"\",\"parallax_easing\":\"1\",\"show_content\":true,\"show_hover_image\":true,\"show_hover_video\":true,\"show_image\":true,\"show_link\":true,\"show_meta\":true,\"show_title\":true,\"show_video\":true,\"title_align\":\"top\",\"title_element\":\"h3\",\"title_grid_breakpoint\":\"m\",\"title_grid_width\":\"1-2\",\"title_hover_style\":\"reset\",\"title_style\":\"h1\"},\"children\":[{\"type\":\"grid_item\",\"props\":{\"meta\":\"\\u00cenfiin\\u021bat\",\"title\":\"2000\"}},{\"type\":\"grid_item\",\"props\":{\"meta\":\"Membri\",\"title\":\"34\"}},{\"type\":\"grid_item\",\"props\":{\"meta\":\"Proiecte\",\"title\":\"200+\"}}]},{\"type\":\"text\",\"props\":{\"column_breakpoint\":\"m\",\"content\":\"\n\n<p>Dup\\u0103 mai bine de dou\\u0103 decenii de activitate, Rotary Club Oradea \\u00eenseamn\\u0103 o echip\\u0103 de oameni diferi\\u021bi, uni\\u021bi de un ideal comun. Nu ne-am propus s\\u0103 reinvent\\u0103m lumea, ci s\\u0103 o facem pu\\u021bin mai bun\\u0103, pas cu pas, proiect cu proiect, inim\\u0103 l\\u00e2ng\\u0103 inim\\u0103. <br \\\/><br \\\/>A\\u0219a cum un grup de parizieni a ar\\u0103tat c\\u0103 Parisul are suflet, putem spune ast\\u0103zi, cu aceea\\u0219i convingere \\u0219i m\\u00e2ndrie: <strong>Rotary Club Oradea are suflet.<\\\/strong><\\\/p>\",\"margin\":\"default\",\"margin_remove_top\":true}}]},{\"type\":\"column\",\"props\":{\"image_position\":\"center-center\",\"position_sticky_breakpoint\":\"m\",\"width_medium\":\"1-3\"},\"children\":[{\"type\":\"image\",\"props\":{\"image\":\"wp-content\\\/uploads\\\/oradea-283716676.jpg\",\"image_svg_color\":\"emphasis\",\"image_width\":\"1200\",\"margin\":\"default\"}}]}]}]}],\"version\":\"4.5.32\"} --><\/p>\n","protected":false},"excerpt":{"rendered":"<p>Despre noi Asocia\u021bia \u201cROTARY CLUB ORADEA\u201d &#8222;\u00cen anul 2000, un grup de prieteni care lucra pe vremea aceea la CFR, \u00eempreun\u0103 cu prietenii lor, s-au hot\u0103r\u00e2t s\u0103 \u00eenfiin\u0163eze CLUBUL ROTARY ORADEA. Demersul nu a fost unul u\u015for, dar prietenia care a legat \u015fi \u00eenc\u0103 leag\u0103 grupul de la \u00eenceput, a f\u0103cut ca acest demers s\u0103 [&hellip;]<\/p>\n","protected":false},"author":5,"featured_media":0,"parent":0,"menu_order":8,"comment_status":"closed","ping_status":"closed","template":"","meta":{"footnotes":""},"class_list":["post-21","page","type-page","status-publish","hentry"],"yoast_head":"<!-- This site is optimized with the Yoast SEO plugin v27.2 - https:\/\/yoast.com\/product\/yoast-seo-wordpress\/ -->\n<title>Despre Noi - Rotary Club Oradea<\/title>\n<meta name=\"robots\" content=\"index, follow, max-snippet:-1, max-image-preview:large, max-video-preview:-1\" \/>\n<link rel=\"canonical\" href=\"https:\/\/rotaryoradea.ro\/en\/about-us\/\" \/>\n<meta property=\"og:locale\" content=\"en_US\" \/>\n<meta property=\"og:type\" content=\"article\" \/>\n<meta property=\"og:title\" content=\"Despre Noi - Rotary Club Oradea\" \/>\n<meta property=\"og:description\" content=\"Despre noi Asocia\u021bia \u201cROTARY CLUB ORADEA\u201d &#8222;\u00cen anul 2000, un grup de prieteni care lucra pe vremea aceea la CFR, \u00eempreun\u0103 cu prietenii lor, s-au hot\u0103r\u00e2t s\u0103 \u00eenfiin\u0163eze CLUBUL ROTARY ORADEA. Demersul nu a fost unul u\u015for, dar prietenia care a legat \u015fi \u00eenc\u0103 leag\u0103 grupul de la \u00eenceput, a f\u0103cut ca acest demers s\u0103 [&hellip;]\" \/>\n<meta property=\"og:url\" content=\"https:\/\/rotaryoradea.ro\/en\/about-us\/\" \/>\n<meta property=\"og:site_name\" content=\"Rotary Club Oradea\" \/>\n<meta property=\"article:modified_time\" content=\"2025-11-06T12:36:55+00:00\" \/>\n<meta name=\"twitter:card\" content=\"summary_large_image\" \/>\n<meta name=\"twitter:label1\" content=\"Est. reading time\" \/>\n\t<meta name=\"twitter:data1\" content=\"4 minutes\" \/>\n<script type=\"application\/ld+json\" class=\"yoast-schema-graph\">{\"@context\":\"https:\/\/schema.org\",\"@graph\":[{\"@type\":\"WebPage\",\"@id\":\"https:\/\/rotaryoradea.ro\/despre-noi\/\",\"url\":\"https:\/\/rotaryoradea.ro\/despre-noi\/\",\"name\":\"Despre Noi - Rotary Club Oradea\",\"isPartOf\":{\"@id\":\"https:\/\/rotaryoradea.ro\/#website\"},\"datePublished\":\"2018-05-31T10:40:14+00:00\",\"dateModified\":\"2025-11-06T12:36:55+00:00\",\"breadcrumb\":{\"@id\":\"https:\/\/rotaryoradea.ro\/despre-noi\/#breadcrumb\"},\"inLanguage\":\"en-US\",\"potentialAction\":[{\"@type\":\"ReadAction\",\"target\":[\"https:\/\/rotaryoradea.ro\/despre-noi\/\"]}]},{\"@type\":\"BreadcrumbList\",\"@id\":\"https:\/\/rotaryoradea.ro\/despre-noi\/#breadcrumb\",\"itemListElement\":[{\"@type\":\"ListItem\",\"position\":1,\"name\":\"Home\",\"item\":\"https:\/\/rotaryoradea.ro\/\"},{\"@type\":\"ListItem\",\"position\":2,\"name\":\"Despre Noi\"}]},{\"@type\":\"WebSite\",\"@id\":\"https:\/\/rotaryoradea.ro\/#website\",\"url\":\"https:\/\/rotaryoradea.ro\/\",\"name\":\"Rotary Club Oradea\",\"description\":\"Rotary Club Oradea\",\"publisher\":{\"@id\":\"https:\/\/rotaryoradea.ro\/#organization\"},\"potentialAction\":[{\"@type\":\"SearchAction\",\"target\":{\"@type\":\"EntryPoint\",\"urlTemplate\":\"https:\/\/rotaryoradea.ro\/?s={search_term_string}\"},\"query-input\":{\"@type\":\"PropertyValueSpecification\",\"valueRequired\":true,\"valueName\":\"search_term_string\"}}],\"inLanguage\":\"en-US\"},{\"@type\":\"Organization\",\"@id\":\"https:\/\/rotaryoradea.ro\/#organization\",\"name\":\"Rotary Club Oradea Art Nouveau\",\"url\":\"https:\/\/rotaryoradea.ro\/\",\"logo\":{\"@type\":\"ImageObject\",\"inLanguage\":\"en-US\",\"@id\":\"https:\/\/rotaryoradea.ro\/#\/schema\/logo\/image\/\",\"url\":\"https:\/\/rotaryoradea.ro\/wp-content\/uploads\/roatry-art-nouveau-logo.svg\",\"contentUrl\":\"https:\/\/rotaryoradea.ro\/wp-content\/uploads\/roatry-art-nouveau-logo.svg\",\"width\":320,\"height\":122,\"caption\":\"Rotary Club Oradea Art Nouveau\"},\"image\":{\"@id\":\"https:\/\/rotaryoradea.ro\/#\/schema\/logo\/image\/\"}}]}<\/script>\n<!-- \/ Yoast SEO plugin. -->","yoast_head_json":{"title":"Despre Noi - Rotary Club Oradea","robots":{"index":"index","follow":"follow","max-snippet":"max-snippet:-1","max-image-preview":"max-image-preview:large","max-video-preview":"max-video-preview:-1"},"canonical":"https:\/\/rotaryoradea.ro\/en\/about-us\/","og_locale":"en_US","og_type":"article","og_title":"Despre Noi - Rotary Club Oradea","og_description":"Despre noi Asocia\u021bia \u201cROTARY CLUB ORADEA\u201d &#8222;\u00cen anul 2000, un grup de prieteni care lucra pe vremea aceea la CFR, \u00eempreun\u0103 cu prietenii lor, s-au hot\u0103r\u00e2t s\u0103 \u00eenfiin\u0163eze CLUBUL ROTARY ORADEA. Demersul nu a fost unul u\u015for, dar prietenia care a legat \u015fi \u00eenc\u0103 leag\u0103 grupul de la \u00eenceput, a f\u0103cut ca acest demers s\u0103 [&hellip;]","og_url":"https:\/\/rotaryoradea.ro\/en\/about-us\/","og_site_name":"Rotary Club Oradea","article_modified_time":"2025-11-06T12:36:55+00:00","twitter_card":"summary_large_image","twitter_misc":{"Est. reading time":"4 minutes"},"schema":{"@context":"https:\/\/schema.org","@graph":[{"@type":"WebPage","@id":"https:\/\/rotaryoradea.ro\/despre-noi\/","url":"https:\/\/rotaryoradea.ro\/despre-noi\/","name":"Despre Noi - Rotary Club Oradea","isPartOf":{"@id":"https:\/\/rotaryoradea.ro\/#website"},"datePublished":"2018-05-31T10:40:14+00:00","dateModified":"2025-11-06T12:36:55+00:00","breadcrumb":{"@id":"https:\/\/rotaryoradea.ro\/despre-noi\/#breadcrumb"},"inLanguage":"en-US","potentialAction":[{"@type":"ReadAction","target":["https:\/\/rotaryoradea.ro\/despre-noi\/"]}]},{"@type":"BreadcrumbList","@id":"https:\/\/rotaryoradea.ro\/despre-noi\/#breadcrumb","itemListElement":[{"@type":"ListItem","position":1,"name":"Home","item":"https:\/\/rotaryoradea.ro\/"},{"@type":"ListItem","position":2,"name":"Despre Noi"}]},{"@type":"WebSite","@id":"https:\/\/rotaryoradea.ro\/#website","url":"https:\/\/rotaryoradea.ro\/","name":"Rotary Club Oradea","description":"Rotary Club Oradea","publisher":{"@id":"https:\/\/rotaryoradea.ro\/#organization"},"potentialAction":[{"@type":"SearchAction","target":{"@type":"EntryPoint","urlTemplate":"https:\/\/rotaryoradea.ro\/?s={search_term_string}"},"query-input":{"@type":"PropertyValueSpecification","valueRequired":true,"valueName":"search_term_string"}}],"inLanguage":"en-US"},{"@type":"Organization","@id":"https:\/\/rotaryoradea.ro\/#organization","name":"Oradea Art Nouveau Rotary Club","url":"https:\/\/rotaryoradea.ro\/","logo":{"@type":"ImageObject","inLanguage":"en-US","@id":"https:\/\/rotaryoradea.ro\/#\/schema\/logo\/image\/","url":"https:\/\/rotaryoradea.ro\/wp-content\/uploads\/roatry-art-nouveau-logo.svg","contentUrl":"https:\/\/rotaryoradea.ro\/wp-content\/uploads\/roatry-art-nouveau-logo.svg","width":320,"height":122,"caption":"Rotary Club Oradea Art Nouveau"},"image":{"@id":"https:\/\/rotaryoradea.ro\/#\/schema\/logo\/image\/"}}]}},"_links":{"self":[{"href":"https:\/\/rotaryoradea.ro\/en\/wp-json\/wp\/v2\/pages\/21","targetHints":{"allow":["GET"]}}],"collection":[{"href":"https:\/\/rotaryoradea.ro\/en\/wp-json\/wp\/v2\/pages"}],"about":[{"href":"https:\/\/rotaryoradea.ro\/en\/wp-json\/wp\/v2\/types\/page"}],"author":[{"embeddable":true,"href":"https:\/\/rotaryoradea.ro\/en\/wp-json\/wp\/v2\/users\/5"}],"replies":[{"embeddable":true,"href":"https:\/\/rotaryoradea.ro\/en\/wp-json\/wp\/v2\/comments?post=21"}],"version-history":[{"count":3,"href":"https:\/\/rotaryoradea.ro\/en\/wp-json\/wp\/v2\/pages\/21\/revisions"}],"predecessor-version":[{"id":2982,"href":"https:\/\/rotaryoradea.ro\/en\/wp-json\/wp\/v2\/pages\/21\/revisions\/2982"}],"wp:attachment":[{"href":"https:\/\/rotaryoradea.ro\/en\/wp-json\/wp\/v2\/media?parent=21"}],"curies":[{"name":"wp","href":"https:\/\/api.w.org\/{rel}","templated":true}]}}