{"id":25,"date":"2018-06-25T09:49:42","date_gmt":"2018-06-25T07:49:42","guid":{"rendered":"http:\/\/localhost\/yootheme_pro\/2018\/Yard\/Website_WP\/index.php\/elephant-office\/"},"modified":"2025-11-06T14:01:17","modified_gmt":"2025-11-06T12:01:17","slug":"be-generous","status":"publish","type":"page","link":"https:\/\/rotaryoradea.ro\/en\/fii-generos\/","title":{"rendered":"Be generous"},"content":{"rendered":"<div><iframe style='border:none;height:600px;width:100%;' src='https:\/\/secure.euplatesc.ro\/hi\/donate\/index.php?md=44841006183&#038;s=fY87TgMxEIavMrjewjbaIJyKIKUFkRNYmwka5Mdq9iEgmyrH4DopOBb2xmm2oLA%2Bz%2BOf%2BccapcyxM8qIVqxnykK7iPtMLY3YEsE7BuTYge36y%2Fmb7krPOHNlhJayqtN7qGWlpLzN8Jm1EarS1X3J8WJPs4jdvDf1xfJprwr9aMTGusHBW%2Bwtf8EL2z1a0FLX065l%2BqBAnBLPl7OnMLiBYIuOPqdsCPYI0XoMBAdkauj3h6ZXRk%2BYNehwJBcZoiPfpvL01EQXYQhJh12PEHCMhMXSyP8dns0fyjVKrE9%2F&#038;cl=M0g2SbY0qalJA4MaEDCACiEYcJaBqbGpWXINAA&#038;key=c32e6c0aef9ff78e143d0c7b60643f86'><\/iframe><\/div>\n<div>\n<p>Online cu card bancar prin EuPlatesc (Visa\/Maestro\/Mastercard).<br \/>\nDac\u0103 a\u021bi ales metoda de plat\u0103 &#8222;Online prin card bancar&#8221; este necesar s\u0103 completa\u021bi un formular cu informa\u021biile despre cardul dumneavoastr\u0103 \u00een pagina securizat\u0103 a procesatorului de pl\u0103\u021bi.<\/p>\n<ul>\n<li>Pl\u0103\u021bile cu carduri de credit\/debit emise sub sigla Visa \u0219i MasterCard (Visa\/Visa Electron \u0219i MasterCard\/Maestro) se efectueaz\u0103 prin intermediul sistemului &#8222;3-D Secure&#8221; elaborat de organiza\u021biile care asigur\u0103 tranzac\u021biilor on-line acelasi nivel de securitate ca cele realizate la bancomat sau \u00een mediul fizic, la comerciant.<\/li>\n<li>&#8222;3-D Secure&#8221; asigur\u0103 \u00een primul r\u00e2nd c\u0103 nici o informa\u021bie legat\u0103 de cardul dumneavoastr\u0103 nu este transferat\u0103 sau stocat\u0103, la nici un moment de timp, pe serverele magazinului sau pe serverele procesatorului de pl\u0103\u021bi, aceste date fiind direct introduse in sistemele Visa \u0219i MasterCard.<\/li>\n<\/ul>\n<p><b>Important de \u0219tiut! &#8211; Pentru pl\u0103\u021bile prin card bancar nu este perceput nici un comision!<\/b><\/p>\n<\/div>\n<p><img decoding=\"async\" src=\"\/wp-content\/uploads\/728x90.jpg\" alt=\"\"><\/p>\n<p><p>\n        <a href=\"\/index.php?page_id=1096\">Redirec\u021bioneaz\u0103 3.5%<\/a>\n    <\/p>\n<\/p>\n<p><!--more--><br \/>\n<!-- {\"type\":\"layout\",\"children\":[{\"name\":\"Hero\",\"type\":\"section\",\"props\":{\"animation\":\"slide-left-small\",\"animation_delay\":\"200\",\"css\":\"@media (min-width: 960px)  {\\n    .el-section {\\n        padding-bottom: 0;\\n    }\\n}\",\"image_position\":\"center-center\",\"padding_remove_top\":true,\"style\":\"default\",\"title_breakpoint\":\"xl\",\"title_position\":\"top-left\",\"title_rotation\":\"left\",\"vertical_align\":\"\",\"width\":\"\"},\"children\":[{\"type\":\"row\",\"props\":{\"layout\":\"1-2,1-2\"},\"children\":[{\"type\":\"column\",\"props\":{\"image_position\":\"center-center\",\"position_sticky_breakpoint\":\"m\",\"width_medium\":\"1-2\"},\"children\":[{\"type\":\"text\",\"props\":{\"column_breakpoint\":\"m\",\"content\":\"<iframe style='border:none;height:600px;width:100%;' src='https:\\\/\\\/secure.euplatesc.ro\\\/hi\\\/donate\\\/index.php?md=44841006183&s=fY87TgMxEIavMrjewjbaIJyKIKUFkRNYmwka5Mdq9iEgmyrH4DopOBb2xmm2oLA%2Bz%2BOf%2BccapcyxM8qIVqxnykK7iPtMLY3YEsE7BuTYge36y%2Fmb7krPOHNlhJayqtN7qGWlpLzN8Jm1EarS1X3J8WJPs4jdvDf1xfJprwr9aMTGusHBW%2Bwtf8EL2z1a0FLX065l%2BqBAnBLPl7OnMLiBYIuOPqdsCPYI0XoMBAdkauj3h6ZXRk%2BYNehwJBcZoiPfpvL01EQXYQhJh12PEHCMhMXSyP8dns0fyjVKrE9%2F&cl=M0g2SbY0qalJA4MaEDCACiEYcJaBqbGpWXINAA&key=c32e6c0aef9ff78e143d0c7b60643f86'><\\\/iframe>\",\"margin\":\"default\"}}]},{\"type\":\"column\",\"props\":{\"image_position\":\"center-center\",\"position_sticky_breakpoint\":\"m\",\"vertical_align\":\"middle\",\"width_medium\":\"1-2\"},\"children\":[{\"type\":\"text\",\"props\":{\"column_breakpoint\":\"m\",\"content\":\"\\n    \n\n<p>Online cu card bancar prin EuPlatesc (Visa\\\/Maestro\\\/Mastercard).<br \/>\\nDac\\u0103 a\\u021bi ales metoda de plat\\u0103 \\\"Online prin card bancar\\\" este necesar s\\u0103 completa\\u021bi un formular cu informa\\u021biile despre cardul dumneavoastr\\u0103 \\u00een pagina securizat\\u0103 a procesatorului de pl\\u0103\\u021bi.<\\\/p>\\n    \n\n<ul>\\n      \n\n<li>Pl\\u0103\\u021bile cu carduri de credit\\\/debit emise sub sigla Visa \\u0219i MasterCard (Visa\\\/Visa Electron \\u0219i MasterCard\\\/Maestro) se efectueaz\\u0103 prin intermediul sistemului \\\"3-D Secure\\\" elaborat de organiza\\u021biile care asigur\\u0103 tranzac\\u021biilor on-line acelasi nivel de securitate ca cele realizate la bancomat sau \\u00een mediul fizic, la comerciant.<\\\/li>\\n      \n\n<li>\\\"3-D Secure\\\" asigur\\u0103 \\u00een primul r\\u00e2nd c\\u0103 nici o informa\\u021bie legat\\u0103 de cardul dumneavoastr\\u0103 nu este transferat\\u0103 sau stocat\\u0103, la nici un moment de timp, pe serverele magazinului sau pe serverele procesatorului de pl\\u0103\\u021bi, aceste date fiind direct introduse in sistemele Visa \\u0219i MasterCard.<\\\/li>\\n    <\\\/ul>\\n    \\n\n\n<p><b>Important de \\u0219tiut! - Pentru pl\\u0103\\u021bile prin card bancar nu este perceput nici un comision!<\\\/b><\\\/p>\\n\\n\\n\",\"margin\":\"default\",\"text_style\":\"small\"}},{\"type\":\"image\",\"props\":{\"image\":\"wp-content\\\/uploads\\\/728x90.jpg\",\"image_svg_color\":\"emphasis\",\"margin\":\"default\",\"text_align\":\"center\"}},{\"type\":\"button\",\"children\":[{\"type\":\"button_item\",\"props\":{\"button_style\":\"default\",\"content\":\"Redirec\\u021bioneaz\\u0103 3.5%\",\"dialog_layout\":\"modal\",\"dialog_offcanvas_flip\":true,\"icon_align\":\"left\",\"link\":\"index.php?page_id=1096\"}}],\"props\":{\"fullwidth\":true,\"grid_column_gap\":\"small\",\"grid_row_gap\":\"small\",\"margin\":\"default\"}}]}]}]}],\"version\":\"4.5.32\"} --><\/p>\n","protected":false},"excerpt":{"rendered":"<p>Online cu card bancar prin EuPlatesc (Visa\/Maestro\/Mastercard). Dac\u0103 a\u021bi ales metoda de plat\u0103 &#8222;Online prin card bancar&#8221; este necesar s\u0103 completa\u021bi un formular cu informa\u021biile despre cardul dumneavoastr\u0103 \u00een pagina securizat\u0103 a procesatorului de pl\u0103\u021bi. Pl\u0103\u021bile cu carduri de credit\/debit emise sub sigla Visa \u0219i MasterCard (Visa\/Visa Electron \u0219i MasterCard\/Maestro) se efectueaz\u0103 prin intermediul sistemului [&hellip;]<\/p>\n","protected":false},"author":5,"featured_media":0,"parent":0,"menu_order":3,"comment_status":"closed","ping_status":"closed","template":"","meta":{"footnotes":""},"class_list":["post-25","page","type-page","status-publish","hentry"],"yoast_head":"<!-- This site is optimized with the Yoast SEO plugin v27.2 - https:\/\/yoast.com\/product\/yoast-seo-wordpress\/ -->\n<title>Fii generos - Rotary Club Oradea<\/title>\n<meta name=\"robots\" content=\"index, follow, max-snippet:-1, max-image-preview:large, max-video-preview:-1\" \/>\n<link rel=\"canonical\" href=\"https:\/\/rotaryoradea.ro\/en\/be-generous\/\" \/>\n<meta property=\"og:locale\" content=\"en_US\" \/>\n<meta property=\"og:type\" content=\"article\" \/>\n<meta property=\"og:title\" content=\"Fii generos - Rotary Club Oradea\" \/>\n<meta property=\"og:description\" content=\"Online cu card bancar prin EuPlatesc (Visa\/Maestro\/Mastercard). Dac\u0103 a\u021bi ales metoda de plat\u0103 &#8222;Online prin card bancar&#8221; este necesar s\u0103 completa\u021bi un formular cu informa\u021biile despre cardul dumneavoastr\u0103 \u00een pagina securizat\u0103 a procesatorului de pl\u0103\u021bi. Pl\u0103\u021bile cu carduri de credit\/debit emise sub sigla Visa \u0219i MasterCard (Visa\/Visa Electron \u0219i MasterCard\/Maestro) se efectueaz\u0103 prin intermediul sistemului [&hellip;]\" \/>\n<meta property=\"og:url\" content=\"https:\/\/rotaryoradea.ro\/en\/be-generous\/\" \/>\n<meta property=\"og:site_name\" content=\"Rotary Club Oradea\" \/>\n<meta property=\"article:modified_time\" content=\"2025-11-06T12:01:17+00:00\" \/>\n<meta name=\"twitter:card\" content=\"summary_large_image\" \/>\n<meta name=\"twitter:label1\" content=\"Est. reading time\" \/>\n\t<meta name=\"twitter:data1\" content=\"1 minute\" \/>\n<script type=\"application\/ld+json\" class=\"yoast-schema-graph\">{\"@context\":\"https:\/\/schema.org\",\"@graph\":[{\"@type\":\"WebPage\",\"@id\":\"https:\/\/rotaryoradea.ro\/fii-generos\/\",\"url\":\"https:\/\/rotaryoradea.ro\/fii-generos\/\",\"name\":\"Fii generos - Rotary Club Oradea\",\"isPartOf\":{\"@id\":\"https:\/\/rotaryoradea.ro\/#website\"},\"datePublished\":\"2018-06-25T07:49:42+00:00\",\"dateModified\":\"2025-11-06T12:01:17+00:00\",\"breadcrumb\":{\"@id\":\"https:\/\/rotaryoradea.ro\/fii-generos\/#breadcrumb\"},\"inLanguage\":\"en-US\",\"potentialAction\":[{\"@type\":\"ReadAction\",\"target\":[\"https:\/\/rotaryoradea.ro\/fii-generos\/\"]}]},{\"@type\":\"BreadcrumbList\",\"@id\":\"https:\/\/rotaryoradea.ro\/fii-generos\/#breadcrumb\",\"itemListElement\":[{\"@type\":\"ListItem\",\"position\":1,\"name\":\"Home\",\"item\":\"https:\/\/rotaryoradea.ro\/\"},{\"@type\":\"ListItem\",\"position\":2,\"name\":\"Fii generos\"}]},{\"@type\":\"WebSite\",\"@id\":\"https:\/\/rotaryoradea.ro\/#website\",\"url\":\"https:\/\/rotaryoradea.ro\/\",\"name\":\"Rotary Club Oradea\",\"description\":\"Rotary Club Oradea\",\"publisher\":{\"@id\":\"https:\/\/rotaryoradea.ro\/#organization\"},\"potentialAction\":[{\"@type\":\"SearchAction\",\"target\":{\"@type\":\"EntryPoint\",\"urlTemplate\":\"https:\/\/rotaryoradea.ro\/?s={search_term_string}\"},\"query-input\":{\"@type\":\"PropertyValueSpecification\",\"valueRequired\":true,\"valueName\":\"search_term_string\"}}],\"inLanguage\":\"en-US\"},{\"@type\":\"Organization\",\"@id\":\"https:\/\/rotaryoradea.ro\/#organization\",\"name\":\"Rotary Club Oradea Art Nouveau\",\"url\":\"https:\/\/rotaryoradea.ro\/\",\"logo\":{\"@type\":\"ImageObject\",\"inLanguage\":\"en-US\",\"@id\":\"https:\/\/rotaryoradea.ro\/#\/schema\/logo\/image\/\",\"url\":\"https:\/\/rotaryoradea.ro\/wp-content\/uploads\/roatry-art-nouveau-logo.svg\",\"contentUrl\":\"https:\/\/rotaryoradea.ro\/wp-content\/uploads\/roatry-art-nouveau-logo.svg\",\"width\":320,\"height\":122,\"caption\":\"Rotary Club Oradea Art Nouveau\"},\"image\":{\"@id\":\"https:\/\/rotaryoradea.ro\/#\/schema\/logo\/image\/\"}}]}<\/script>\n<!-- \/ Yoast SEO plugin. -->","yoast_head_json":{"title":"Fii generos - Rotary Club Oradea","robots":{"index":"index","follow":"follow","max-snippet":"max-snippet:-1","max-image-preview":"max-image-preview:large","max-video-preview":"max-video-preview:-1"},"canonical":"https:\/\/rotaryoradea.ro\/en\/be-generous\/","og_locale":"en_US","og_type":"article","og_title":"Fii generos - Rotary Club Oradea","og_description":"Online cu card bancar prin EuPlatesc (Visa\/Maestro\/Mastercard). Dac\u0103 a\u021bi ales metoda de plat\u0103 &#8222;Online prin card bancar&#8221; este necesar s\u0103 completa\u021bi un formular cu informa\u021biile despre cardul dumneavoastr\u0103 \u00een pagina securizat\u0103 a procesatorului de pl\u0103\u021bi. Pl\u0103\u021bile cu carduri de credit\/debit emise sub sigla Visa \u0219i MasterCard (Visa\/Visa Electron \u0219i MasterCard\/Maestro) se efectueaz\u0103 prin intermediul sistemului [&hellip;]","og_url":"https:\/\/rotaryoradea.ro\/en\/be-generous\/","og_site_name":"Rotary Club Oradea","article_modified_time":"2025-11-06T12:01:17+00:00","twitter_card":"summary_large_image","twitter_misc":{"Est. reading time":"1 minute"},"schema":{"@context":"https:\/\/schema.org","@graph":[{"@type":"WebPage","@id":"https:\/\/rotaryoradea.ro\/fii-generos\/","url":"https:\/\/rotaryoradea.ro\/fii-generos\/","name":"Fii generos - Rotary Club Oradea","isPartOf":{"@id":"https:\/\/rotaryoradea.ro\/#website"},"datePublished":"2018-06-25T07:49:42+00:00","dateModified":"2025-11-06T12:01:17+00:00","breadcrumb":{"@id":"https:\/\/rotaryoradea.ro\/fii-generos\/#breadcrumb"},"inLanguage":"en-US","potentialAction":[{"@type":"ReadAction","target":["https:\/\/rotaryoradea.ro\/fii-generos\/"]}]},{"@type":"BreadcrumbList","@id":"https:\/\/rotaryoradea.ro\/fii-generos\/#breadcrumb","itemListElement":[{"@type":"ListItem","position":1,"name":"Home","item":"https:\/\/rotaryoradea.ro\/"},{"@type":"ListItem","position":2,"name":"Fii generos"}]},{"@type":"WebSite","@id":"https:\/\/rotaryoradea.ro\/#website","url":"https:\/\/rotaryoradea.ro\/","name":"Rotary Club Oradea","description":"Rotary Club Oradea","publisher":{"@id":"https:\/\/rotaryoradea.ro\/#organization"},"potentialAction":[{"@type":"SearchAction","target":{"@type":"EntryPoint","urlTemplate":"https:\/\/rotaryoradea.ro\/?s={search_term_string}"},"query-input":{"@type":"PropertyValueSpecification","valueRequired":true,"valueName":"search_term_string"}}],"inLanguage":"en-US"},{"@type":"Organization","@id":"https:\/\/rotaryoradea.ro\/#organization","name":"Oradea Art Nouveau Rotary Club","url":"https:\/\/rotaryoradea.ro\/","logo":{"@type":"ImageObject","inLanguage":"en-US","@id":"https:\/\/rotaryoradea.ro\/#\/schema\/logo\/image\/","url":"https:\/\/rotaryoradea.ro\/wp-content\/uploads\/roatry-art-nouveau-logo.svg","contentUrl":"https:\/\/rotaryoradea.ro\/wp-content\/uploads\/roatry-art-nouveau-logo.svg","width":320,"height":122,"caption":"Rotary Club Oradea Art Nouveau"},"image":{"@id":"https:\/\/rotaryoradea.ro\/#\/schema\/logo\/image\/"}}]}},"_links":{"self":[{"href":"https:\/\/rotaryoradea.ro\/en\/wp-json\/wp\/v2\/pages\/25","targetHints":{"allow":["GET"]}}],"collection":[{"href":"https:\/\/rotaryoradea.ro\/en\/wp-json\/wp\/v2\/pages"}],"about":[{"href":"https:\/\/rotaryoradea.ro\/en\/wp-json\/wp\/v2\/types\/page"}],"author":[{"embeddable":true,"href":"https:\/\/rotaryoradea.ro\/en\/wp-json\/wp\/v2\/users\/5"}],"replies":[{"embeddable":true,"href":"https:\/\/rotaryoradea.ro\/en\/wp-json\/wp\/v2\/comments?post=25"}],"version-history":[{"count":3,"href":"https:\/\/rotaryoradea.ro\/en\/wp-json\/wp\/v2\/pages\/25\/revisions"}],"predecessor-version":[{"id":2967,"href":"https:\/\/rotaryoradea.ro\/en\/wp-json\/wp\/v2\/pages\/25\/revisions\/2967"}],"wp:attachment":[{"href":"https:\/\/rotaryoradea.ro\/en\/wp-json\/wp\/v2\/media?parent=25"}],"curies":[{"name":"wp","href":"https:\/\/api.w.org\/{rel}","templated":true}]}}