{"id":26,"date":"2018-07-02T08:00:21","date_gmt":"2018-07-02T08:00:21","guid":{"rendered":"http:\/\/localhost\/yootheme_pro\/2018\/Yard\/Website_WP\/index.php\/contact\/"},"modified":"2025-11-06T11:49:07","modified_gmt":"2025-11-06T09:49:07","slug":"contact","status":"publish","type":"page","link":"https:\/\/rotaryoradea.ro\/en\/contact\/","title":{"rendered":"Contact"},"content":{"rendered":"<h1>Contacteaz\u0103-ne<\/h1>\n<div>Te rugam s\u0103 ne contactezi la adresa de e-mail de mai jos:<\/div>\n<p><p>\n        <a href=\"mailto:contact@rotaryoradea.ro\">email: contact@rotaryoradea.ro<\/a>\n    <\/p>\n<\/p>\n<h2>Adresa noastr\u0103<\/h2>\n<div>\n<p><strong>Sediu social:<\/strong> Oradea, str. Crisului, nr. 11, Oradea 410050, Bihor, Rom\u00e2nia<\/p>\n<\/div>\n<h2>\u00cent\u00e2lnirile s\u0103pt\u0103m\u00e2nale<\/h2>\n<div>\n<p>au loc luni, ora 19:30 la Hotel Ramada Oradea str. Calea Aradului, nr. 9, 401223, Oradea, Rom\u00e2nia<\/p>\n<\/div>\n<h2>Date de identificare<\/h2>\n<div>Clubul Rotary din Oradea, cu sediul \u00een Municipiul Oradea, Str. Gen. Henri Mathias Berthelot Nr. 22, Ap. 1, jud. Bihor, Rom\u00e2nia, \u00eenregistrat\u0103 \u00een registrele speciale ale asocia\u021biilor \u0219i funda\u021biilor de la Judec\u0103toria Oradea sub nr. 4\/A\/31.01.2001, av\u00e2nd CUI 13667554, cont bancar deschis la Banca Transilvania \u2013 RO05BTRLRONCRT0039086008.<\/div>\n<div>\n<p>47.0570,21.9414<\/p>\n<h3>Rotary  Club  Oradea <\/h3>\n<div>\n<p>\nHotel Ramada Oradea str. Calea Aradului, nr. 9, Oradea 410050, Bihor, Rom\u00e2nia<\/p>\n<p><a href=\"mailto:contact@rotaryoradea.ro\">contact@rotaryoradea.ro<\/a><br \/>\n<a class=\"uk-link-reset\" href=\"tel:+44 (0)555 555 5555\">+44 (0)555 555 5555<\/a><\/p>\n<\/div>\n<\/div>\n<p><!--more--><br \/>\n<!-- {\"name\":\"Contact\",\"type\":\"layout\",\"children\":[{\"name\":\"Image\",\"type\":\"section\",\"props\":{\"css\":\".el-section > [class*='uk-background-'] { min-height: 40vh; }\",\"height_viewport\":false,\"image\":\"wp-content\\\/uploads\\\/oradea-contact-225338860.jpg\",\"image_effect\":\"fixed\",\"image_position\":\"top-center\",\"padding\":\"large\",\"padding_remove_bottom\":false,\"preserve_color\":false,\"style\":\"default\",\"text_color\":\"light\",\"title_breakpoint\":\"xl\",\"title_position\":\"top-left\",\"title_rotation\":\"left\",\"vertical_align\":\"\",\"width\":\"expand\"},\"children\":[{\"type\":\"row\",\"children\":[{\"type\":\"column\",\"props\":{\"image_position\":\"center-center\",\"position_sticky_breakpoint\":\"m\",\"width_medium\":\"1-1\"}}]}]},{\"name\":\"Contact\",\"type\":\"section\",\"props\":{\"animation\":\"fade\",\"image\":\"wp-content\\\/uploads\\\/ufg-grafica.svg\",\"image_position\":\"center-right\",\"image_width\":600,\"media_overlay\":\"rgba(255, 255, 255, 0)\",\"media_visibility\":\"l\",\"padding\":\"large\",\"padding_remove_bottom\":false,\"style\":\"default\",\"title_breakpoint\":\"xl\",\"title_position\":\"top-left\",\"title_rotation\":\"left\",\"vertical_align\":\"\",\"width\":\"large\"},\"children\":[{\"type\":\"row\",\"children\":[{\"type\":\"column\",\"props\":{\"image_position\":\"center-center\",\"position_sticky_breakpoint\":\"m\",\"width_medium\":\"1-1\"},\"children\":[{\"type\":\"headline\",\"props\":{\"content\":\"Contacteaz\\u0103-ne\",\"maxwidth\":\"2xlarge\",\"text_align\":\"left\",\"title_element\":\"h1\",\"title_style\":\"h2\"}},{\"type\":\"divider\",\"props\":{\"divider_element\":\"div\",\"divider_style\":\"small\"}},{\"type\":\"text\",\"props\":{\"column_breakpoint\":\"m\",\"content\":\"Te rugam s\\u0103 ne contactezi la adresa de e-mail de mai jos:\",\"margin\":\"medium\",\"maxwidth\":\"large\",\"text_align\":\"left\"}},{\"type\":\"button\",\"props\":{\"grid_column_gap\":\"small\",\"grid_row_gap\":\"small\",\"margin\":\"default\"},\"children\":[{\"type\":\"button_item\",\"props\":{\"button_style\":\"default\",\"content\":\"email: contact@rotaryoradea.ro\",\"dialog_layout\":\"modal\",\"dialog_offcanvas_flip\":true,\"icon_align\":\"left\",\"link\":\"mailto:contact@rotaryoradea.ro\"}}]}]}]},{\"type\":\"row\",\"props\":{\"column_gap\":\"large\",\"layout\":\"1-3,1-3,1-3\",\"margin\":\"xlarge\",\"margin_remove_bottom\":true,\"row_gap\":\"large\",\"width\":\"large\"},\"children\":[{\"type\":\"column\",\"props\":{\"image_position\":\"center-center\",\"position_sticky_breakpoint\":\"m\",\"width_medium\":\"1-3\"},\"children\":[{\"type\":\"headline\",\"props\":{\"content\":\"Adresa noastr\\u0103\",\"margin\":\"medium\",\"margin_remove_bottom\":true,\"title_decoration\":\"divider\",\"title_element\":\"h2\",\"title_style\":\"h4\"}},{\"type\":\"text\",\"props\":{\"column_breakpoint\":\"m\",\"content\":\"\n\n<p><strong>Sediu social:<\\\/strong> Oradea, str. Crisului, nr. 11, Oradea 410050, Bihor, Rom\\u00e2nia<\\\/p>\",\"margin\":\"default\",\"text_align\":\"left\"}},{\"type\":\"description_list\",\"props\":{\"column_breakpoint\":\"m\",\"layout\":\"grid-2\",\"list_element\":\"ul\",\"meta_align\":\"below-content\",\"meta_style\":\"text-meta\",\"show_content\":true,\"show_link\":true,\"show_meta\":true,\"show_title\":true,\"status\":\"disabled\",\"title_element\":\"div\",\"title_grid_column_gap\":\"small\",\"title_grid_row_gap\":\"small\",\"title_grid_width\":\"small\"},\"children\":[{\"type\":\"description_list_item\",\"props\":{\"content\":\"<a class=\\\"uk-link-reset\\\" href=\\\"mailto:dada.ionascu@rotaryartnouveau.ro\\\">dada.ionascu@rotaryartnouveau.ro<\\\/a>\",\"title\":\"Email\"}}]}]},{\"type\":\"column\",\"props\":{\"image_position\":\"center-center\",\"position_sticky_breakpoint\":\"m\",\"width_medium\":\"1-3\"},\"children\":[{\"type\":\"headline\",\"props\":{\"content\":\"\\u00cent\\u00e2lnirile s\\u0103pt\\u0103m\\u00e2nale\",\"margin_remove_bottom\":false,\"title_decoration\":\"divider\",\"title_element\":\"h2\",\"title_style\":\"h4\"}},{\"type\":\"text\",\"props\":{\"column_breakpoint\":\"m\",\"content\":\"\n\n<p>au loc luni, ora 19:30 la Hotel Ramada Oradea str. Calea Aradului, nr. 9, 401223, Oradea, Rom\\u00e2nia<\\\/p>\",\"margin\":\"remove-vertical\",\"margin_remove_bottom\":true}}]},{\"type\":\"column\",\"props\":{\"image_position\":\"center-center\",\"position_sticky_breakpoint\":\"m\",\"width_medium\":\"1-3\"}}]},{\"type\":\"row\",\"props\":{\"layout\":\"2-3,1-3\",\"margin_remove_top\":false},\"children\":[{\"type\":\"column\",\"props\":{\"image_position\":\"center-center\",\"position_sticky_breakpoint\":\"m\",\"width_medium\":\"2-3\"},\"children\":[{\"type\":\"headline\",\"props\":{\"content\":\"Date de identificare\",\"margin\":\"medium\",\"margin_remove_bottom\":true,\"maxwidth\":\"large\",\"title_decoration\":\"divider\",\"title_element\":\"h2\",\"title_style\":\"h4\"}},{\"type\":\"text\",\"props\":{\"column_breakpoint\":\"m\",\"content\":\"Clubul Rotary din Oradea, cu sediul \\u00een Municipiul Oradea, Str. Gen. Henri Mathias Berthelot Nr. 22, Ap. 1, jud. Bihor, Rom\\u00e2nia, \\u00eenregistrat\\u0103 \\u00een registrele speciale ale asocia\\u021biilor \\u0219i funda\\u021biilor de la Judec\\u0103toria Oradea sub nr. 4\\\/A\\\/31.01.2001, av\\u00e2nd CUI 13667554, cont bancar deschis la Banca Transilvania \\u2013 RO05BTRLRONCRT0039086008.\",\"margin\":\"default\",\"text_style\":\"small\"}}]},{\"type\":\"column\",\"props\":{\"image_position\":\"center-center\",\"position_sticky_breakpoint\":\"m\",\"width_medium\":\"1-3\"}}]}]},{\"name\":\"Map\",\"type\":\"section\",\"props\":{\"image_position\":\"center-center\",\"padding\":\"none\",\"style\":\"default\",\"title_breakpoint\":\"xl\",\"title_position\":\"top-left\",\"title_rotation\":\"left\",\"vertical_align\":\"\",\"width\":\"\"},\"children\":[{\"type\":\"row\",\"children\":[{\"type\":\"column\",\"props\":{\"image_position\":\"center-center\",\"position_sticky_breakpoint\":\"m\",\"width_medium\":\"1-1\"},\"children\":[{\"type\":\"map\",\"props\":{\"controls\":false,\"dragging\":false,\"height\":\"600\",\"image_svg_color\":\"emphasis\",\"link_style\":\"default\",\"link_text\":\"Read more\",\"margin\":\"\",\"max_zoom\":18,\"meta_align\":\"below-title\",\"meta_element\":\"div\",\"meta_style\":\"text-meta\",\"min_zoom\":0,\"poi\":false,\"show_content\":true,\"show_image\":true,\"show_link\":true,\"show_meta\":true,\"show_title\":true,\"styler_gamma\":\"0.3\",\"styler_lightness\":\"90\",\"styler_saturation\":\"-100\",\"title_element\":\"h3\",\"title_hover_style\":\"reset\",\"type\":\"roadmap\",\"zoom\":\"16\",\"zooming\":false},\"children\":[{\"type\":\"map_item\",\"props\":{\"content\":\"\n\n<p>\\nHotel Ramada Oradea str. Calea Aradului, nr. 9, Oradea 410050, Bihor, Rom\\u00e2nia<\\\/p>\\n\n\n<p><a href=\\\"mailto:contact@rotaryoradea.ro\\\">contact@rotaryoradea.ro<\\\/a><br \/>\\n<a class=\\\"uk-link-reset\\\" href=\\\"tel:+44 (0)555 555 5555\\\">+44 (0)555 555 5555<\\\/a><\\\/p>\",\"location\":\"47.0570,21.9414\",\"title\":\"Rotary  Club  Oradea \"}}]}]}]}]}],\"version\":\"4.5.32\"} --><\/p>\n","protected":false},"excerpt":{"rendered":"<p>Contacteaz\u0103-ne Te rugam s\u0103 ne contactezi la adresa de e-mail de mai jos: email: contact@rotaryoradea.ro Adresa noastr\u0103 Sediu social: Oradea, str. Crisului, nr. 11, Oradea 410050, Bihor, Rom\u00e2nia \u00cent\u00e2lnirile s\u0103pt\u0103m\u00e2nale au loc luni, ora 19:30 la Hotel Ramada Oradea str. Calea Aradului, nr. 9, 401223, Oradea, Rom\u00e2nia Date de identificare Clubul Rotary din Oradea, cu [&hellip;]<\/p>\n","protected":false},"author":5,"featured_media":0,"parent":0,"menu_order":2,"comment_status":"closed","ping_status":"closed","template":"","meta":{"footnotes":""},"class_list":["post-26","page","type-page","status-publish","hentry"],"yoast_head":"<!-- This site is optimized with the Yoast SEO plugin v27.2 - https:\/\/yoast.com\/product\/yoast-seo-wordpress\/ -->\n<title>Contact - Rotary Club Oradea<\/title>\n<meta name=\"robots\" content=\"index, follow, max-snippet:-1, max-image-preview:large, max-video-preview:-1\" \/>\n<link rel=\"canonical\" href=\"https:\/\/rotaryoradea.ro\/en\/contact\/\" \/>\n<meta property=\"og:locale\" content=\"en_US\" \/>\n<meta property=\"og:type\" content=\"article\" \/>\n<meta property=\"og:title\" content=\"Contact - Rotary Club Oradea\" \/>\n<meta property=\"og:description\" content=\"Contacteaz\u0103-ne Te rugam s\u0103 ne contactezi la adresa de e-mail de mai jos: email: contact@rotaryoradea.ro Adresa noastr\u0103 Sediu social: Oradea, str. Crisului, nr. 11, Oradea 410050, Bihor, Rom\u00e2nia \u00cent\u00e2lnirile s\u0103pt\u0103m\u00e2nale au loc luni, ora 19:30 la Hotel Ramada Oradea str. Calea Aradului, nr. 9, 401223, Oradea, Rom\u00e2nia Date de identificare Clubul Rotary din Oradea, cu [&hellip;]\" \/>\n<meta property=\"og:url\" content=\"https:\/\/rotaryoradea.ro\/en\/contact\/\" \/>\n<meta property=\"og:site_name\" content=\"Rotary Club Oradea\" \/>\n<meta property=\"article:modified_time\" content=\"2025-11-06T09:49:07+00:00\" \/>\n<meta name=\"twitter:card\" content=\"summary_large_image\" \/>\n<meta name=\"twitter:label1\" content=\"Est. reading time\" \/>\n\t<meta name=\"twitter:data1\" content=\"1 minute\" \/>\n<script type=\"application\/ld+json\" class=\"yoast-schema-graph\">{\"@context\":\"https:\/\/schema.org\",\"@graph\":[{\"@type\":\"WebPage\",\"@id\":\"https:\/\/rotaryoradea.ro\/contact\/\",\"url\":\"https:\/\/rotaryoradea.ro\/contact\/\",\"name\":\"Contact - Rotary Club Oradea\",\"isPartOf\":{\"@id\":\"https:\/\/rotaryoradea.ro\/#website\"},\"datePublished\":\"2018-07-02T08:00:21+00:00\",\"dateModified\":\"2025-11-06T09:49:07+00:00\",\"breadcrumb\":{\"@id\":\"https:\/\/rotaryoradea.ro\/contact\/#breadcrumb\"},\"inLanguage\":\"en-US\",\"potentialAction\":[{\"@type\":\"ReadAction\",\"target\":[\"https:\/\/rotaryoradea.ro\/contact\/\"]}]},{\"@type\":\"BreadcrumbList\",\"@id\":\"https:\/\/rotaryoradea.ro\/contact\/#breadcrumb\",\"itemListElement\":[{\"@type\":\"ListItem\",\"position\":1,\"name\":\"Home\",\"item\":\"https:\/\/rotaryoradea.ro\/\"},{\"@type\":\"ListItem\",\"position\":2,\"name\":\"Contact\"}]},{\"@type\":\"WebSite\",\"@id\":\"https:\/\/rotaryoradea.ro\/#website\",\"url\":\"https:\/\/rotaryoradea.ro\/\",\"name\":\"Rotary Club Oradea\",\"description\":\"Rotary Club Oradea\",\"publisher\":{\"@id\":\"https:\/\/rotaryoradea.ro\/#organization\"},\"potentialAction\":[{\"@type\":\"SearchAction\",\"target\":{\"@type\":\"EntryPoint\",\"urlTemplate\":\"https:\/\/rotaryoradea.ro\/?s={search_term_string}\"},\"query-input\":{\"@type\":\"PropertyValueSpecification\",\"valueRequired\":true,\"valueName\":\"search_term_string\"}}],\"inLanguage\":\"en-US\"},{\"@type\":\"Organization\",\"@id\":\"https:\/\/rotaryoradea.ro\/#organization\",\"name\":\"Rotary Club Oradea Art Nouveau\",\"url\":\"https:\/\/rotaryoradea.ro\/\",\"logo\":{\"@type\":\"ImageObject\",\"inLanguage\":\"en-US\",\"@id\":\"https:\/\/rotaryoradea.ro\/#\/schema\/logo\/image\/\",\"url\":\"https:\/\/rotaryoradea.ro\/wp-content\/uploads\/roatry-art-nouveau-logo.svg\",\"contentUrl\":\"https:\/\/rotaryoradea.ro\/wp-content\/uploads\/roatry-art-nouveau-logo.svg\",\"width\":320,\"height\":122,\"caption\":\"Rotary Club Oradea Art Nouveau\"},\"image\":{\"@id\":\"https:\/\/rotaryoradea.ro\/#\/schema\/logo\/image\/\"}}]}<\/script>\n<!-- \/ Yoast SEO plugin. -->","yoast_head_json":{"title":"Contact - Rotary Club Oradea","robots":{"index":"index","follow":"follow","max-snippet":"max-snippet:-1","max-image-preview":"max-image-preview:large","max-video-preview":"max-video-preview:-1"},"canonical":"https:\/\/rotaryoradea.ro\/en\/contact\/","og_locale":"en_US","og_type":"article","og_title":"Contact - Rotary Club Oradea","og_description":"Contacteaz\u0103-ne Te rugam s\u0103 ne contactezi la adresa de e-mail de mai jos: email: contact@rotaryoradea.ro Adresa noastr\u0103 Sediu social: Oradea, str. Crisului, nr. 11, Oradea 410050, Bihor, Rom\u00e2nia \u00cent\u00e2lnirile s\u0103pt\u0103m\u00e2nale au loc luni, ora 19:30 la Hotel Ramada Oradea str. Calea Aradului, nr. 9, 401223, Oradea, Rom\u00e2nia Date de identificare Clubul Rotary din Oradea, cu [&hellip;]","og_url":"https:\/\/rotaryoradea.ro\/en\/contact\/","og_site_name":"Rotary Club Oradea","article_modified_time":"2025-11-06T09:49:07+00:00","twitter_card":"summary_large_image","twitter_misc":{"Est. reading time":"1 minute"},"schema":{"@context":"https:\/\/schema.org","@graph":[{"@type":"WebPage","@id":"https:\/\/rotaryoradea.ro\/contact\/","url":"https:\/\/rotaryoradea.ro\/contact\/","name":"Contact - Rotary Club Oradea","isPartOf":{"@id":"https:\/\/rotaryoradea.ro\/#website"},"datePublished":"2018-07-02T08:00:21+00:00","dateModified":"2025-11-06T09:49:07+00:00","breadcrumb":{"@id":"https:\/\/rotaryoradea.ro\/contact\/#breadcrumb"},"inLanguage":"en-US","potentialAction":[{"@type":"ReadAction","target":["https:\/\/rotaryoradea.ro\/contact\/"]}]},{"@type":"BreadcrumbList","@id":"https:\/\/rotaryoradea.ro\/contact\/#breadcrumb","itemListElement":[{"@type":"ListItem","position":1,"name":"Home","item":"https:\/\/rotaryoradea.ro\/"},{"@type":"ListItem","position":2,"name":"Contact"}]},{"@type":"WebSite","@id":"https:\/\/rotaryoradea.ro\/#website","url":"https:\/\/rotaryoradea.ro\/","name":"Rotary Club Oradea","description":"Rotary Club Oradea","publisher":{"@id":"https:\/\/rotaryoradea.ro\/#organization"},"potentialAction":[{"@type":"SearchAction","target":{"@type":"EntryPoint","urlTemplate":"https:\/\/rotaryoradea.ro\/?s={search_term_string}"},"query-input":{"@type":"PropertyValueSpecification","valueRequired":true,"valueName":"search_term_string"}}],"inLanguage":"en-US"},{"@type":"Organization","@id":"https:\/\/rotaryoradea.ro\/#organization","name":"Oradea Art Nouveau Rotary Club","url":"https:\/\/rotaryoradea.ro\/","logo":{"@type":"ImageObject","inLanguage":"en-US","@id":"https:\/\/rotaryoradea.ro\/#\/schema\/logo\/image\/","url":"https:\/\/rotaryoradea.ro\/wp-content\/uploads\/roatry-art-nouveau-logo.svg","contentUrl":"https:\/\/rotaryoradea.ro\/wp-content\/uploads\/roatry-art-nouveau-logo.svg","width":320,"height":122,"caption":"Rotary Club Oradea Art Nouveau"},"image":{"@id":"https:\/\/rotaryoradea.ro\/#\/schema\/logo\/image\/"}}]}},"_links":{"self":[{"href":"https:\/\/rotaryoradea.ro\/en\/wp-json\/wp\/v2\/pages\/26","targetHints":{"allow":["GET"]}}],"collection":[{"href":"https:\/\/rotaryoradea.ro\/en\/wp-json\/wp\/v2\/pages"}],"about":[{"href":"https:\/\/rotaryoradea.ro\/en\/wp-json\/wp\/v2\/types\/page"}],"author":[{"embeddable":true,"href":"https:\/\/rotaryoradea.ro\/en\/wp-json\/wp\/v2\/users\/5"}],"replies":[{"embeddable":true,"href":"https:\/\/rotaryoradea.ro\/en\/wp-json\/wp\/v2\/comments?post=26"}],"version-history":[{"count":3,"href":"https:\/\/rotaryoradea.ro\/en\/wp-json\/wp\/v2\/pages\/26\/revisions"}],"predecessor-version":[{"id":2951,"href":"https:\/\/rotaryoradea.ro\/en\/wp-json\/wp\/v2\/pages\/26\/revisions\/2951"}],"wp:attachment":[{"href":"https:\/\/rotaryoradea.ro\/en\/wp-json\/wp\/v2\/media?parent=26"}],"curies":[{"name":"wp","href":"https:\/\/api.w.org\/{rel}","templated":true}]}}